{"id":23552,"date":"2021-09-21T10:51:26","date_gmt":"2021-09-21T08:51:26","guid":{"rendered":"https:\/\/pfatest2.saarlb.com\/nos-experts\/michael-hess\/"},"modified":"2026-05-05T19:17:59","modified_gmt":"2026-05-05T17:17:59","slug":"michael-hess","status":"publish","type":"page","link":"https:\/\/pfatest2.saarlb.com\/fr\/nos-experts\/michael-hess\/","title":{"rendered":"Michael He\u00df"},"content":{"rendered":"\t\t<div data-elementor-type=\"wp-page\" data-elementor-id=\"23552\" class=\"elementor elementor-23552 elementor-20947\" data-elementor-post-type=\"page\">\n\t\t\t\t\t\t<section class=\"elementor-section elementor-top-section elementor-element elementor-element-6b71033 elementor-section-boxed elementor-section-height-default elementor-section-height-default\" data-id=\"6b71033\" data-element_type=\"section\" data-e-type=\"section\">\n\t\t\t\t\t\t<div class=\"elementor-container elementor-column-gap-default\">\n\t\t\t\t\t<div class=\"elementor-column elementor-col-100 elementor-top-column elementor-element elementor-element-7002374b\" data-id=\"7002374b\" data-element_type=\"column\" data-e-type=\"column\">\n\t\t\t<div class=\"elementor-widget-wrap elementor-element-populated\">\n\t\t\t\t\t\t<section class=\"elementor-section elementor-inner-section elementor-element elementor-element-511ece7e elementor-section-boxed elementor-section-height-default elementor-section-height-default\" data-id=\"511ece7e\" data-element_type=\"section\" data-e-type=\"section\">\n\t\t\t\t\t\t<div class=\"elementor-container elementor-column-gap-default\">\n\t\t\t\t\t<div class=\"elementor-column elementor-col-50 elementor-inner-column elementor-element elementor-element-7b029f79\" data-id=\"7b029f79\" data-element_type=\"column\" data-e-type=\"column\">\n\t\t\t<div class=\"elementor-widget-wrap elementor-element-populated\">\n\t\t\t\t\t\t<div class=\"elementor-element elementor-element-62ea0541 elementor-widget-divider--view-line elementor-widget elementor-widget-divider\" data-id=\"62ea0541\" data-element_type=\"widget\" data-e-type=\"widget\" data-widget_type=\"divider.default\">\n\t\t\t\t<div class=\"elementor-widget-container\">\n\t\t\t\t\t\t\t<div class=\"elementor-divider\">\n\t\t\t<span class=\"elementor-divider-separator\">\n\t\t\t\t\t\t<\/span>\n\t\t<\/div>\n\t\t\t\t\t\t<\/div>\n\t\t\t\t<\/div>\n\t\t\t\t<div class=\"elementor-element elementor-element-5b938a76 elementor-widget elementor-widget-heading\" data-id=\"5b938a76\" data-element_type=\"widget\" data-e-type=\"widget\" data-widget_type=\"heading.default\">\n\t\t\t\t<div class=\"elementor-widget-container\">\n\t\t\t\t\t<h1 class=\"elementor-heading-title elementor-size-default\">Michael He\u00df<\/h1>\t\t\t\t<\/div>\n\t\t\t\t<\/div>\n\t\t\t\t<div class=\"elementor-element elementor-element-73fdf4f1 elementor-widget elementor-widget-text-editor\" data-id=\"73fdf4f1\" data-element_type=\"widget\" data-e-type=\"widget\" data-widget_type=\"text-editor.default\">\n\t\t\t\t<div class=\"elementor-widget-container\">\n\t\t\t\t\t\t\t\t\t<p>Responsable de SaarLB pour le P\u00f4le Franco-Allemand<\/p>\n\t\t\t\t\t\t\t\t<\/div>\n\t\t\t\t<\/div>\n\t\t\t\t<div class=\"elementor-element elementor-element-28794d28 e-grid-align-left elementor-shape-rounded elementor-grid-0 elementor-widget elementor-widget-social-icons\" data-id=\"28794d28\" data-element_type=\"widget\" data-e-type=\"widget\" data-widget_type=\"social-icons.default\">\n\t\t\t\t<div class=\"elementor-widget-container\">\n\t\t\t\t\t\t\t<div class=\"elementor-social-icons-wrapper elementor-grid\">\n\t\t\t\t\t\t\t<span class=\"elementor-grid-item\">\n\t\t\t\t\t<a class=\"elementor-icon elementor-social-icon elementor-social-icon-linkedin elementor-repeater-item-c523154\" href=\"https:\/\/www.linkedin.com\/in\/michael-he%C3%9F-205b14bb\/\" target=\"_blank\">\n\t\t\t\t\t\t<span class=\"elementor-screen-only\">Linkedin<\/span>\n\t\t\t\t\t\t<i aria-hidden=\"true\" class=\"fab fa-linkedin\"><\/i>\t\t\t\t\t<\/a>\n\t\t\t\t<\/span>\n\t\t\t\t\t<\/div>\n\t\t\t\t\t\t<\/div>\n\t\t\t\t<\/div>\n\t\t\t\t\t<\/div>\n\t\t<\/div>\n\t\t\t\t<div class=\"elementor-column elementor-col-50 elementor-inner-column elementor-element elementor-element-14b766fd\" data-id=\"14b766fd\" data-element_type=\"column\" data-e-type=\"column\">\n\t\t\t<div class=\"elementor-widget-wrap elementor-element-populated\">\n\t\t\t\t\t\t<div class=\"elementor-element elementor-element-602fb786 dce_masking-none elementor-widget elementor-widget-image\" data-id=\"602fb786\" data-element_type=\"widget\" data-e-type=\"widget\" data-widget_type=\"image.default\">\n\t\t\t\t<div class=\"elementor-widget-container\">\n\t\t\t\t\t\t\t\t\t\t\t\t\t\t\t<img loading=\"lazy\" decoding=\"async\" width=\"442\" height=\"282\" src=\"https:\/\/pfatest2.saarlb.com\/wp-content\/uploads\/2021\/09\/18_image.png\" class=\"attachment-large size-large wp-image-23331\" alt=\"\" srcset=\"https:\/\/pfatest2.saarlb.com\/wp-content\/uploads\/2021\/09\/18_image.png 442w, https:\/\/pfatest2.saarlb.com\/wp-content\/uploads\/2021\/09\/18_image-300x191.png 300w\" sizes=\"auto, (max-width: 442px) 100vw, 442px\" \/>\t\t\t\t\t\t\t\t\t\t\t\t\t\t\t<\/div>\n\t\t\t\t<\/div>\n\t\t\t\t<div class=\"elementor-element elementor-element-2a4d6c63 elementor-widget elementor-widget-text-editor\" data-id=\"2a4d6c63\" data-element_type=\"widget\" data-e-type=\"widget\" data-widget_type=\"text-editor.default\">\n\t\t\t\t<div class=\"elementor-widget-container\">\n\t\t\t\t\t\t\t\t\t<p>Connaissance approfondie des modes de financement pour le succ\u00e8s des PME\/ETI dans leurs projets franco-allemands<\/p>\n\t\t\t\t\t\t\t\t<\/div>\n\t\t\t\t<\/div>\n\t\t\t\t\t<\/div>\n\t\t<\/div>\n\t\t\t\t\t<\/div>\n\t\t<\/section>\n\t\t\t\t<section class=\"elementor-section elementor-inner-section elementor-element elementor-element-68d491df elementor-section-boxed elementor-section-height-default elementor-section-height-default\" data-id=\"68d491df\" data-element_type=\"section\" data-e-type=\"section\">\n\t\t\t\t\t\t<div class=\"elementor-container elementor-column-gap-default\">\n\t\t\t\t\t<div class=\"elementor-column elementor-col-25 elementor-inner-column elementor-element elementor-element-7b841a25\" data-id=\"7b841a25\" data-element_type=\"column\" data-e-type=\"column\">\n\t\t\t<div class=\"elementor-widget-wrap elementor-element-populated\">\n\t\t\t\t\t\t<div class=\"elementor-element elementor-element-482ed577 elementor-widget elementor-widget-text-editor\" data-id=\"482ed577\" data-element_type=\"widget\" data-e-type=\"widget\" data-widget_type=\"text-editor.default\">\n\t\t\t\t<div class=\"elementor-widget-container\">\n\t\t\t\t\t\t\t\t\t<p>\u00ab\u00a0Avec notre connaissance particuli\u00e8rement approfondie des march\u00e9s et des pays, nous garantissons le succ\u00e8s de vos investissements transfrontaliers\u00a0\u00bb<\/p>\n\t\t\t\t\t\t\t\t<\/div>\n\t\t\t\t<\/div>\n\t\t\t\t\t<\/div>\n\t\t<\/div>\n\t\t\t\t<div class=\"elementor-column elementor-col-25 elementor-inner-column elementor-element elementor-element-18ecbe11\" data-id=\"18ecbe11\" data-element_type=\"column\" data-e-type=\"column\">\n\t\t\t<div class=\"elementor-widget-wrap elementor-element-populated\">\n\t\t\t\t\t\t<div class=\"elementor-element elementor-element-5d26e92 elementor-view-default elementor-widget elementor-widget-icon\" data-id=\"5d26e92\" data-element_type=\"widget\" data-e-type=\"widget\" data-widget_type=\"icon.default\">\n\t\t\t\t<div class=\"elementor-widget-container\">\n\t\t\t\t\t\t\t<div class=\"elementor-icon-wrapper\">\n\t\t\t<div class=\"elementor-icon\">\n\t\t\t<i aria-hidden=\"true\" class=\"fas fa-quote-left\"><\/i>\t\t\t<\/div>\n\t\t<\/div>\n\t\t\t\t\t\t<\/div>\n\t\t\t\t<\/div>\n\t\t\t\t<div class=\"elementor-element elementor-element-3917ac7a elementor-view-default elementor-widget elementor-widget-icon\" data-id=\"3917ac7a\" data-element_type=\"widget\" data-e-type=\"widget\" data-widget_type=\"icon.default\">\n\t\t\t\t<div class=\"elementor-widget-container\">\n\t\t\t\t\t\t\t<div class=\"elementor-icon-wrapper\">\n\t\t\t<div class=\"elementor-icon\">\n\t\t\t<i aria-hidden=\"true\" class=\"fas fa-quote-right\"><\/i>\t\t\t<\/div>\n\t\t<\/div>\n\t\t\t\t\t\t<\/div>\n\t\t\t\t<\/div>\n\t\t\t\t\t<\/div>\n\t\t<\/div>\n\t\t\t\t<div class=\"elementor-column elementor-col-25 elementor-inner-column elementor-element elementor-element-2b78e1da\" data-id=\"2b78e1da\" data-element_type=\"column\" data-e-type=\"column\">\n\t\t\t<div class=\"elementor-widget-wrap\">\n\t\t\t\t\t\t\t<\/div>\n\t\t<\/div>\n\t\t\t\t<div class=\"elementor-column elementor-col-25 elementor-inner-column elementor-element elementor-element-46b6290b\" data-id=\"46b6290b\" data-element_type=\"column\" data-e-type=\"column\">\n\t\t\t<div class=\"elementor-widget-wrap\">\n\t\t\t\t\t\t\t<\/div>\n\t\t<\/div>\n\t\t\t\t\t<\/div>\n\t\t<\/section>\n\t\t\t\t\t<\/div>\n\t\t<\/div>\n\t\t\t\t\t<\/div>\n\t\t<\/section>\n\t\t\t\t<section data-dce-background-color=\"#F8F8F8\" class=\"elementor-section elementor-top-section elementor-element elementor-element-6a155cdd elementor-section-full_width elementor-section-height-default elementor-section-height-default\" data-id=\"6a155cdd\" data-element_type=\"section\" data-e-type=\"section\" data-settings=\"{&quot;background_background&quot;:&quot;classic&quot;}\">\n\t\t\t\t\t\t<div class=\"elementor-container elementor-column-gap-default\">\n\t\t\t\t\t<div class=\"elementor-column elementor-col-100 elementor-top-column elementor-element elementor-element-315a2e03\" data-id=\"315a2e03\" data-element_type=\"column\" data-e-type=\"column\">\n\t\t\t<div class=\"elementor-widget-wrap elementor-element-populated\">\n\t\t\t\t\t\t<section class=\"elementor-section elementor-inner-section elementor-element elementor-element-24e78d3e elementor-section-boxed elementor-section-height-default elementor-section-height-default\" data-id=\"24e78d3e\" data-element_type=\"section\" data-e-type=\"section\">\n\t\t\t\t\t\t<div class=\"elementor-container elementor-column-gap-default\">\n\t\t\t\t\t<div class=\"elementor-column elementor-col-50 elementor-inner-column elementor-element elementor-element-7140b9ad\" data-id=\"7140b9ad\" data-element_type=\"column\" data-e-type=\"column\">\n\t\t\t<div class=\"elementor-widget-wrap elementor-element-populated\">\n\t\t\t\t\t\t<div data-dce-text-color=\"#000000\" class=\"elementor-element elementor-element-cc73218 elementor-widget elementor-widget-text-editor\" data-id=\"cc73218\" data-element_type=\"widget\" data-e-type=\"widget\" data-widget_type=\"text-editor.default\">\n\t\t\t\t<div class=\"elementor-widget-container\">\n\t\t\t\t\t\t\t\t\t<p>N\u00e9 en 1967 \u00e0 \u00dcberherrn (Sarre), Michael Hess a grandi dans un contexte franco-allemand fort. Il peut se pr\u00e9valoir d\u2019une longue carri\u00e8re dans le secteur bancaire en Allemagne, en France, mais \u00e9galement au Luxembourg. Pendant huit ans, il a notamment eu la responsabilit\u00e9 de la client\u00e8le d\u2019entreprise Allemagne et France au sein de la banque r\u00e9gionale SaarLB. Avec ses \u00e9quipes, il a accompagn\u00e9 de nombreuses PME\/ETI dans leurs investissements transfrontaliers. Dipl\u00f4m\u00e9 en gestion commerciale, option banque, Michael Hess a auparavant exerc\u00e9 diverses responsabilit\u00e9s de management au sein de la Banque G\u00e9n\u00e9rale du Luxembourg (BGL), SADE et Fortis Bank Allemagne (filiales du groupe BNP Paribas) sur des sites au Luxemburg, \u00e0 Tr\u00e8ves, Sarrebruck, Strasbourg et Cologne, ainsi qu\u2019\u00e0 la Commerzbank de Mayence. Il est actuellement directeur de SaarLB et responsable du P\u00f4le Franco-Allemand. Suite \u00e0 ses diff\u00e9rences exp\u00e9riences, il lui tient particuli\u00e8rement \u00e0 c\u0153ur de soutenir les PME et les investisseurs immobiliers dans leurs projets transfrontaliers. Les diff\u00e9rents syst\u00e8mes juridiques et les usages des march\u00e9s compliquent les d\u00e9marches. Michael Hess apporte la pr\u00e9cieuse exp\u00e9rience de SaarLB dans le financement de projets transfrontaliers dans un contexte franco-allemand. Au sein du P\u00f4le Franco-Allemand, il utilise toute l\u2019expertise de SaarLB et de ses partenaires pour soutenir les investissements dans leur globalit\u00e9. La connaissance culturelle mutuelle est un aspect important pour le succ\u00e8s de la transaction commerciale. Michael Hess souhaite donc d\u00e9velopper tr\u00e8s largement le r\u00e9seau d\u2019experts du P\u00f4le Franco-Allemand au cours des prochaines ann\u00e9es.<\/p>\n\t\t\t\t\t\t\t\t<\/div>\n\t\t\t\t<\/div>\n\t\t\t\t<div class=\"elementor-element elementor-element-56522fd5 elementor-position-left dce_masking-none elementor-vertical-align-top elementor-widget elementor-widget-image-box\" data-id=\"56522fd5\" data-element_type=\"widget\" data-e-type=\"widget\" data-widget_type=\"image-box.default\">\n\t\t\t\t<div class=\"elementor-widget-container\">\n\t\t\t\t\t<div class=\"elementor-image-box-wrapper\"><figure class=\"elementor-image-box-img\"><img loading=\"lazy\" decoding=\"async\" width=\"1772\" height=\"1101\" src=\"https:\/\/pfatest2.saarlb.com\/wp-content\/uploads\/2025\/11\/Logo_SaarLB_DE_Goldgruen_RGB.png\" class=\"attachment-full size-full wp-image-33922\" alt=\"\" srcset=\"https:\/\/pfatest2.saarlb.com\/wp-content\/uploads\/2025\/11\/Logo_SaarLB_DE_Goldgruen_RGB.png 1772w, https:\/\/pfatest2.saarlb.com\/wp-content\/uploads\/2025\/11\/Logo_SaarLB_DE_Goldgruen_RGB-300x186.png 300w, https:\/\/pfatest2.saarlb.com\/wp-content\/uploads\/2025\/11\/Logo_SaarLB_DE_Goldgruen_RGB-1024x636.png 1024w, https:\/\/pfatest2.saarlb.com\/wp-content\/uploads\/2025\/11\/Logo_SaarLB_DE_Goldgruen_RGB-768x477.png 768w, https:\/\/pfatest2.saarlb.com\/wp-content\/uploads\/2025\/11\/Logo_SaarLB_DE_Goldgruen_RGB-1536x954.png 1536w\" sizes=\"auto, (max-width: 1772px) 100vw, 1772px\" \/><\/figure><div class=\"elementor-image-box-content\"><h3 class=\"elementor-image-box-title\">Michael He\u00df<\/h3><p class=\"elementor-image-box-description\">SaarLB<br>Ursulinenstra\u00dfe 2<br>66111 Saarbr\u00fccken<br>Allemagne<\/p><\/div><\/div>\t\t\t\t<\/div>\n\t\t\t\t<\/div>\n\t\t\t\t<div class=\"elementor-element elementor-element-9660324 elementor-icon-list--layout-traditional elementor-list-item-link-full_width elementor-widget elementor-widget-icon-list\" data-id=\"9660324\" data-element_type=\"widget\" data-e-type=\"widget\" data-widget_type=\"icon-list.default\">\n\t\t\t\t<div class=\"elementor-widget-container\">\n\t\t\t\t\t\t\t<ul class=\"elementor-icon-list-items\">\n\t\t\t\t\t\t\t<li class=\"elementor-icon-list-item\">\n\t\t\t\t\t\t\t\t\t\t\t<a href=\"mailto:michael.hess@banque-franco-allemande.fr\">\n\n\t\t\t\t\t\t\t\t\t\t\t\t<span class=\"elementor-icon-list-icon\">\n\t\t\t\t\t\t\t<i aria-hidden=\"true\" class=\"fas fa-envelope\"><\/i>\t\t\t\t\t\t<\/span>\n\t\t\t\t\t\t\t\t\t\t<span class=\"elementor-icon-list-text\">michael.hess@banque-franco-allemande.fr<\/span>\n\t\t\t\t\t\t\t\t\t\t\t<\/a>\n\t\t\t\t\t\t\t\t\t<\/li>\n\t\t\t\t\t\t\t\t<li class=\"elementor-icon-list-item\">\n\t\t\t\t\t\t\t\t\t\t\t<a href=\"tel:+496813832501\">\n\n\t\t\t\t\t\t\t\t\t\t\t\t<span class=\"elementor-icon-list-icon\">\n\t\t\t\t\t\t\t<i aria-hidden=\"true\" class=\"fas fa-phone\"><\/i>\t\t\t\t\t\t<\/span>\n\t\t\t\t\t\t\t\t\t\t<span class=\"elementor-icon-list-text\">+49 681 383-2501<\/span>\n\t\t\t\t\t\t\t\t\t\t\t<\/a>\n\t\t\t\t\t\t\t\t\t<\/li>\n\t\t\t\t\t\t\t\t<li class=\"elementor-icon-list-item\">\n\t\t\t\t\t\t\t\t\t\t\t<a href=\"https:\/\/www.banque-franco-allemande.fr\">\n\n\t\t\t\t\t\t\t\t\t\t\t\t<span class=\"elementor-icon-list-icon\">\n\t\t\t\t\t\t\t<i aria-hidden=\"true\" class=\"fas fa-external-link-alt\"><\/i>\t\t\t\t\t\t<\/span>\n\t\t\t\t\t\t\t\t\t\t<span class=\"elementor-icon-list-text\">www.banque-franco-allemande.fr<\/span>\n\t\t\t\t\t\t\t\t\t\t\t<\/a>\n\t\t\t\t\t\t\t\t\t<\/li>\n\t\t\t\t\t\t<\/ul>\n\t\t\t\t\t\t<\/div>\n\t\t\t\t<\/div>\n\t\t\t\t<div class=\"elementor-element elementor-element-81a4db4 elementor-widget elementor-widget-html\" data-id=\"81a4db4\" data-element_type=\"widget\" data-e-type=\"widget\" data-widget_type=\"html.default\">\n\t\t\t\t<div class=\"elementor-widget-container\">\n\t\t\t\t\t<input type=\"button\" value=\"<< retour\" onclick=\"history.back()\">\t\t\t\t<\/div>\n\t\t\t\t<\/div>\n\t\t\t\t\t<\/div>\n\t\t<\/div>\n\t\t\t\t<div class=\"elementor-column elementor-col-50 elementor-inner-column elementor-element elementor-element-60ac783\" data-id=\"60ac783\" data-element_type=\"column\" data-e-type=\"column\">\n\t\t\t<div class=\"elementor-widget-wrap elementor-element-populated\">\n\t\t\t\t\t\t<div class=\"elementor-element elementor-element-7580689e elementor-widget elementor-widget-heading\" data-id=\"7580689e\" data-element_type=\"widget\" data-e-type=\"widget\" data-widget_type=\"heading.default\">\n\t\t\t\t<div class=\"elementor-widget-container\">\n\t\t\t\t\t<h2 class=\"elementor-heading-title elementor-size-default\">Curriculum Vitae<\/h2>\t\t\t\t<\/div>\n\t\t\t\t<\/div>\n\t\t\t\t<div class=\"elementor-element elementor-element-1eaed35 elementor-icon-list--layout-traditional elementor-list-item-link-full_width elementor-widget elementor-widget-icon-list\" data-id=\"1eaed35\" data-element_type=\"widget\" data-e-type=\"widget\" data-widget_type=\"icon-list.default\">\n\t\t\t\t<div class=\"elementor-widget-container\">\n\t\t\t\t\t\t\t<ul class=\"elementor-icon-list-items\">\n\t\t\t\t\t\t\t<li class=\"elementor-icon-list-item\">\n\t\t\t\t\t\t\t\t\t\t\t<span class=\"elementor-icon-list-icon\">\n\t\t\t\t\t\t\t<i aria-hidden=\"true\" class=\"fas fa-circle\"><\/i>\t\t\t\t\t\t<\/span>\n\t\t\t\t\t\t\t\t\t\t<span class=\"elementor-icon-list-text\"> Etudes d\u2019administration des affaires \u00e0 Sarrebruck<\/span>\n\t\t\t\t\t\t\t\t\t<\/li>\n\t\t\t\t\t\t\t\t<li class=\"elementor-icon-list-item\">\n\t\t\t\t\t\t\t\t\t\t\t<span class=\"elementor-icon-list-icon\">\n\t\t\t\t\t\t\t<i aria-hidden=\"true\" class=\"fas fa-circle\"><\/i>\t\t\t\t\t\t<\/span>\n\t\t\t\t\t\t\t\t\t\t<span class=\"elementor-icon-list-text\">Manager dans le secteur bancaire en Allemagne, en France et au Luxembourg<\/span>\n\t\t\t\t\t\t\t\t\t<\/li>\n\t\t\t\t\t\t\t\t<li class=\"elementor-icon-list-item\">\n\t\t\t\t\t\t\t\t\t\t\t<span class=\"elementor-icon-list-icon\">\n\t\t\t\t\t\t\t<i aria-hidden=\"true\" class=\"fas fa-circle\"><\/i>\t\t\t\t\t\t<\/span>\n\t\t\t\t\t\t\t\t\t\t<span class=\"elementor-icon-list-text\">Responsabilit\u00e9 pendant de nombreuses ann\u00e9es de la client\u00e8le d\u2019entreprise Allemagne et France au sein de SaarLB<\/span>\n\t\t\t\t\t\t\t\t\t<\/li>\n\t\t\t\t\t\t\t\t<li class=\"elementor-icon-list-item\">\n\t\t\t\t\t\t\t\t\t\t\t<span class=\"elementor-icon-list-icon\">\n\t\t\t\t\t\t\t<i aria-hidden=\"true\" class=\"fas fa-circle\"><\/i>\t\t\t\t\t\t<\/span>\n\t\t\t\t\t\t\t\t\t\t<span class=\"elementor-icon-list-text\">Responsable de SaarLB pour le P\u00f4le Franco-Allemand<\/span>\n\t\t\t\t\t\t\t\t\t<\/li>\n\t\t\t\t\t\t<\/ul>\n\t\t\t\t\t\t<\/div>\n\t\t\t\t<\/div>\n\t\t\t\t<div class=\"elementor-element elementor-element-17b3c3f2 elementor-widget elementor-widget-heading\" data-id=\"17b3c3f2\" data-element_type=\"widget\" data-e-type=\"widget\" data-widget_type=\"heading.default\">\n\t\t\t\t<div class=\"elementor-widget-container\">\n\t\t\t\t\t<h2 class=\"elementor-heading-title elementor-size-default\">Langues<\/h2>\t\t\t\t<\/div>\n\t\t\t\t<\/div>\n\t\t\t\t<div class=\"elementor-element elementor-element-7c0cbb5 elementor-icon-list--layout-traditional elementor-list-item-link-full_width elementor-widget elementor-widget-icon-list\" data-id=\"7c0cbb5\" data-element_type=\"widget\" data-e-type=\"widget\" data-widget_type=\"icon-list.default\">\n\t\t\t\t<div class=\"elementor-widget-container\">\n\t\t\t\t\t\t\t<ul class=\"elementor-icon-list-items\">\n\t\t\t\t\t\t\t<li class=\"elementor-icon-list-item\">\n\t\t\t\t\t\t\t\t\t\t\t<span class=\"elementor-icon-list-icon\">\n\t\t\t\t\t\t\t<i aria-hidden=\"true\" class=\"fas fa-circle\"><\/i>\t\t\t\t\t\t<\/span>\n\t\t\t\t\t\t\t\t\t\t<span class=\"elementor-icon-list-text\">Allemand<\/span>\n\t\t\t\t\t\t\t\t\t<\/li>\n\t\t\t\t\t\t\t\t<li class=\"elementor-icon-list-item\">\n\t\t\t\t\t\t\t\t\t\t\t<span class=\"elementor-icon-list-icon\">\n\t\t\t\t\t\t\t<i aria-hidden=\"true\" class=\"fas fa-circle\"><\/i>\t\t\t\t\t\t<\/span>\n\t\t\t\t\t\t\t\t\t\t<span class=\"elementor-icon-list-text\"> Fran\u00e7ais<\/span>\n\t\t\t\t\t\t\t\t\t<\/li>\n\t\t\t\t\t\t\t\t<li class=\"elementor-icon-list-item\">\n\t\t\t\t\t\t\t\t\t\t\t<span class=\"elementor-icon-list-icon\">\n\t\t\t\t\t\t\t<i aria-hidden=\"true\" class=\"fas fa-circle\"><\/i>\t\t\t\t\t\t<\/span>\n\t\t\t\t\t\t\t\t\t\t<span class=\"elementor-icon-list-text\">Anglais<\/span>\n\t\t\t\t\t\t\t\t\t<\/li>\n\t\t\t\t\t\t<\/ul>\n\t\t\t\t\t\t<\/div>\n\t\t\t\t<\/div>\n\t\t\t\t\t<\/div>\n\t\t<\/div>\n\t\t\t\t\t<\/div>\n\t\t<\/section>\n\t\t\t\t\t<\/div>\n\t\t<\/div>\n\t\t\t\t\t<\/div>\n\t\t<\/section>\n\t\t\t\t<\/div>\n\t\t","protected":false},"excerpt":{"rendered":"<p>Michael He\u00df Responsable de SaarLB pour le P\u00f4le Franco-Allemand Linkedin Connaissance approfondie des modes de financement pour le succ\u00e8s des PME\/ETI dans leurs projets franco-allemands \u00ab\u00a0Avec notre connaissance particuli\u00e8rement approfondie des march\u00e9s et des pays, nous garantissons le succ\u00e8s de vos investissements transfrontaliers\u00a0\u00bb N\u00e9 en 1967 \u00e0 \u00dcberherrn (Sarre), Michael Hess a grandi dans un [&hellip;]<\/p>\n","protected":false},"author":43,"featured_media":0,"parent":23329,"menu_order":0,"comment_status":"closed","ping_status":"closed","template":"","meta":{"_acf_changed":false,"footnotes":"","_links_to":"","_links_to_target":""},"class_list":["post-23552","page","type-page","status-publish","hentry"],"acf":[],"_links":{"self":[{"href":"https:\/\/pfatest2.saarlb.com\/fr\/wp-json\/wp\/v2\/pages\/23552","targetHints":{"allow":["GET"]}}],"collection":[{"href":"https:\/\/pfatest2.saarlb.com\/fr\/wp-json\/wp\/v2\/pages"}],"about":[{"href":"https:\/\/pfatest2.saarlb.com\/fr\/wp-json\/wp\/v2\/types\/page"}],"author":[{"embeddable":true,"href":"https:\/\/pfatest2.saarlb.com\/fr\/wp-json\/wp\/v2\/users\/43"}],"replies":[{"embeddable":true,"href":"https:\/\/pfatest2.saarlb.com\/fr\/wp-json\/wp\/v2\/comments?post=23552"}],"version-history":[{"count":4,"href":"https:\/\/pfatest2.saarlb.com\/fr\/wp-json\/wp\/v2\/pages\/23552\/revisions"}],"predecessor-version":[{"id":36334,"href":"https:\/\/pfatest2.saarlb.com\/fr\/wp-json\/wp\/v2\/pages\/23552\/revisions\/36334"}],"up":[{"embeddable":true,"href":"https:\/\/pfatest2.saarlb.com\/fr\/wp-json\/wp\/v2\/pages\/23329"}],"wp:attachment":[{"href":"https:\/\/pfatest2.saarlb.com\/fr\/wp-json\/wp\/v2\/media?parent=23552"}],"curies":[{"name":"wp","href":"https:\/\/api.w.org\/{rel}","templated":true}]}}