{"id":25511,"date":"2022-02-02T21:41:07","date_gmt":"2022-02-02T20:41:07","guid":{"rendered":"https:\/\/pfatest2.saarlb.com\/?page_id=25511"},"modified":"2026-01-20T14:55:59","modified_gmt":"2026-01-20T13:55:59","slug":"tous-les-articles-2","status":"publish","type":"page","link":"https:\/\/pfatest2.saarlb.com\/fr\/tous-les-articles-2\/","title":{"rendered":"\u00c9v\u00e9nements pass\u00e9s"},"content":{"rendered":"\t\t<div data-elementor-type=\"wp-page\" data-elementor-id=\"25511\" class=\"elementor elementor-25511 elementor-25510\" data-elementor-post-type=\"page\">\n\t\t\t\t\t\t<section class=\"elementor-section elementor-top-section elementor-element elementor-element-0d2aa89 elementor-section-full_width elementor-section-height-min-height elementor-section-height-default elementor-section-items-middle\" data-id=\"0d2aa89\" data-element_type=\"section\" data-e-type=\"section\" data-settings=\"{&quot;background_background&quot;:&quot;video&quot;,&quot;animation&quot;:&quot;none&quot;}\">\n\t\t\t\t\t\t\t<div class=\"elementor-background-overlay\"><\/div>\n\t\t\t\t\t\t\t<div class=\"elementor-container elementor-column-gap-default\">\n\t\t\t\t\t<div class=\"elementor-column elementor-col-100 elementor-top-column elementor-element elementor-element-9a64716\" data-id=\"9a64716\" data-element_type=\"column\" data-e-type=\"column\">\n\t\t\t<div class=\"elementor-widget-wrap elementor-element-populated\">\n\t\t\t\t\t\t<div class=\"elementor-element elementor-element-3429774 elementor-widget elementor-widget-spacer\" data-id=\"3429774\" data-element_type=\"widget\" data-e-type=\"widget\" data-widget_type=\"spacer.default\">\n\t\t\t\t<div class=\"elementor-widget-container\">\n\t\t\t\t\t\t\t<div class=\"elementor-spacer\">\n\t\t\t<div class=\"elementor-spacer-inner\"><\/div>\n\t\t<\/div>\n\t\t\t\t\t\t<\/div>\n\t\t\t\t<\/div>\n\t\t\t\t\t<\/div>\n\t\t<\/div>\n\t\t\t\t\t<\/div>\n\t\t<\/section>\n\t\t\t\t<section class=\"elementor-section elementor-top-section elementor-element elementor-element-8fff559 elementor-section-boxed elementor-section-height-default elementor-section-height-default\" data-id=\"8fff559\" data-element_type=\"section\" data-e-type=\"section\" data-settings=\"{&quot;background_background&quot;:&quot;gradient&quot;}\">\n\t\t\t\t\t\t<div class=\"elementor-container elementor-column-gap-default\">\n\t\t\t\t\t<div class=\"elementor-column elementor-col-50 elementor-top-column elementor-element elementor-element-c2d29c7\" data-id=\"c2d29c7\" data-element_type=\"column\" data-e-type=\"column\" data-settings=\"{&quot;background_background&quot;:&quot;classic&quot;}\">\n\t\t\t<div class=\"elementor-widget-wrap elementor-element-populated\">\n\t\t\t\t\t\t<div class=\"elementor-element elementor-element-283c58c elementor-icon-list--layout-traditional elementor-list-item-link-full_width elementor-widget elementor-widget-icon-list\" data-id=\"283c58c\" data-element_type=\"widget\" data-e-type=\"widget\" data-settings=\"{&quot;motion_fx_motion_fx_scrolling&quot;:&quot;yes&quot;,&quot;motion_fx_opacity_effect&quot;:&quot;yes&quot;,&quot;motion_fx_opacity_direction&quot;:&quot;in-out&quot;,&quot;motion_fx_opacity_range&quot;:{&quot;unit&quot;:&quot;%&quot;,&quot;size&quot;:&quot;&quot;,&quot;sizes&quot;:{&quot;start&quot;:9,&quot;end&quot;:40}},&quot;motion_fx_opacity_level&quot;:{&quot;unit&quot;:&quot;px&quot;,&quot;size&quot;:10,&quot;sizes&quot;:[]},&quot;motion_fx_devices&quot;:[&quot;desktop&quot;,&quot;tablet&quot;,&quot;mobile&quot;]}\" data-widget_type=\"icon-list.default\">\n\t\t\t\t<div class=\"elementor-widget-container\">\n\t\t\t\t\t<div class=\"dce-transforms\"><div class=\"dce-transforms-wrap\">\t\t<ul class=\"elementor-icon-list-items\">\n\t\t\t\t\t\t\t<li class=\"elementor-icon-list-item\">\n\t\t\t\t\t\t\t\t\t\t\t<span class=\"elementor-icon-list-icon\">\n\t\t\t\t\t\t\t<i aria-hidden=\"true\" class=\"fas fa-arrow-down\"><\/i>\t\t\t\t\t\t<\/span>\n\t\t\t\t\t\t\t\t\t\t<span class=\"elementor-icon-list-text\">SCROLL<\/span>\n\t\t\t\t\t\t\t\t\t<\/li>\n\t\t\t\t\t\t<\/ul>\n\t\t<\/div><\/div>\t\t\t\t<\/div>\n\t\t\t\t<\/div>\n\t\t\t\t<div class=\"elementor-element elementor-element-236d819 elementor-widget__width-initial elementor-widget elementor-widget-text-editor\" data-id=\"236d819\" data-element_type=\"widget\" data-e-type=\"widget\" data-widget_type=\"text-editor.default\">\n\t\t\t\t<div class=\"elementor-widget-container\">\n\t\t\t\t\t\t\t\t\t<p>\u00c9v\u00e9nements pass\u00e9s<\/p>\n\t\t\t\t\t\t\t\t<\/div>\n\t\t\t\t<\/div>\n\t\t\t\t\t<\/div>\n\t\t<\/div>\n\t\t\t\t<div data-dce-background-overlay-color=\"#EEEDE8\" class=\"elementor-column elementor-col-50 elementor-top-column elementor-element elementor-element-325eec9\" data-id=\"325eec9\" data-element_type=\"column\" data-e-type=\"column\" data-settings=\"{&quot;background_background&quot;:&quot;classic&quot;}\">\n\t\t\t<div class=\"elementor-widget-wrap\">\n\t\t\t\t\t<div class=\"elementor-background-overlay\"><\/div>\n\t\t\t\t\t\t\t<\/div>\n\t\t<\/div>\n\t\t\t\t\t<\/div>\n\t\t<\/section>\n\t\t\t\t<section class=\"elementor-section elementor-top-section elementor-element elementor-element-21e9224b elementor-section-height-min-height elementor-section-boxed elementor-section-height-default elementor-section-items-middle\" data-id=\"21e9224b\" data-element_type=\"section\" data-e-type=\"section\">\n\t\t\t\t\t\t<div class=\"elementor-container elementor-column-gap-default\">\n\t\t\t\t\t<div class=\"elementor-column elementor-col-100 elementor-top-column elementor-element elementor-element-5bd6f65a\" data-id=\"5bd6f65a\" data-element_type=\"column\" data-e-type=\"column\">\n\t\t\t<div class=\"elementor-widget-wrap elementor-element-populated\">\n\t\t\t\t\t\t<div data-dce-title-color=\"#000000\" class=\"elementor-element elementor-element-42aa1445 elementor-invisible elementor-widget elementor-widget-heading\" data-id=\"42aa1445\" data-element_type=\"widget\" data-e-type=\"widget\" data-settings=\"{&quot;_animation&quot;:&quot;fadeInUp&quot;}\" data-widget_type=\"heading.default\">\n\t\t\t\t<div class=\"elementor-widget-container\">\n\t\t\t\t\t<h2 class=\"elementor-heading-title elementor-size-default\"> <\/h2>\t\t\t\t<\/div>\n\t\t\t\t<\/div>\n\t\t\t\t<div class=\"elementor-element elementor-element-71fd419 elementor-widget elementor-widget-uael-posts\" data-id=\"71fd419\" data-element_type=\"widget\" data-e-type=\"widget\" data-settings=\"{&quot;feed_pagination_type&quot;:&quot;normal&quot;,&quot;feed_slides_to_show_tablet&quot;:2,&quot;feed_slides_to_show_mobile&quot;:1}\" data-widget_type=\"uael-posts.feed\">\n\t\t\t\t<div class=\"elementor-widget-container\">\n\t\t\t\t\t\t\t<div class=\"uael-post__header\">\n\t\t\t\t\t<\/div>\n\t\t<div class=\"uael-post__body\">\n\t\t\t\n\t\t\n\t\t<div class=\"uael-post-grid uael-posts\" data-query-type=\"custom\" data-structure=\"\" data-layout=\"\" data-page=\"25511\" data-skin=\"feed\" data-filter-default=\"\" data-offset-top=\"30\" >\n\n\t\t\t\t\t\t\t<div class=\"uael-post-grid__inner uael-post__columns-1 uael-post__columns-tablet-1 uael-post__columns-mobile-1\">\n\t\t\t\n\n<div class=\"uael-post-wrapper  \">\n\n\t<div class=\"uael-post__bg-wrap\">\n\t\t\n\t\t\n\t\t<div class=\"uael-post__inner-wrap \">\n\n\t\t\t\t<div class=\"uael-post__thumbnail\">\n\t\t\t\n\t\t\t<a href=\"https:\/\/pfatest2.saarlb.com\/fr\/veranstaltung\/webinaire-pme-de-la-tech-reussissez-vos-recrutements-en-allemagne\/\" target=\"_self\" title=\"Webinaire &#8211; PME de la Tech : R\u00e9ussissez vos recrutements en Allemagne !\"><img loading=\"lazy\" decoding=\"async\" width=\"1366\" height=\"768\" src=\"https:\/\/pfatest2.saarlb.com\/wp-content\/uploads\/2025\/07\/20251120_recrutement_tech.jpg\" class=\"attachment-full size-full wp-image-32430\" alt=\"\" srcset=\"https:\/\/pfatest2.saarlb.com\/wp-content\/uploads\/2025\/07\/20251120_recrutement_tech.jpg 1366w, https:\/\/pfatest2.saarlb.com\/wp-content\/uploads\/2025\/07\/20251120_recrutement_tech-300x169.jpg 300w, https:\/\/pfatest2.saarlb.com\/wp-content\/uploads\/2025\/07\/20251120_recrutement_tech-1024x576.jpg 1024w, https:\/\/pfatest2.saarlb.com\/wp-content\/uploads\/2025\/07\/20251120_recrutement_tech-768x432.jpg 768w\" sizes=\"auto, (max-width: 1366px) 100vw, 1366px\" \/><\/a>\n\t\t\t\t\t<\/div>\n\t\t\n\t\t\t\n\t\t\t<div class=\"uael-post__content-wrap\">\n\n\t\t\t\t\t<h3 class=\"uael-post__title\">\n\n\t\t\n\t\t\t\t\t\t<a href=\"https:\/\/pfatest2.saarlb.com\/fr\/veranstaltung\/webinaire-pme-de-la-tech-reussissez-vos-recrutements-en-allemagne\/\" target=\"_self\">\n\t\t\t\tWebinaire &#8211; PME de la Tech : R\u00e9ussissez vos recrutements en Allemagne !\t\t\t<\/a>\n\n\t\t\t\t<\/h3>\n\t\t<div class=\"uael-post__separator\"><\/div>\n\t\t<div class=\"uael-post__excerpt\">\n\t\t\tUn webinaire de notre partenaire\u00a0CCI France Allemagne\u00a0en langue fran\u00e7aise. Face \u00e0 la p\u00e9nurie de main-d&rsquo;\u0153uvre dans le secteur de la Tech, recruter en Allemagne peut ...\t\t<\/div>\n\n\t\t<div><i style=\"margin-right: 8px;\" aria-hidden=\"true\" class=\"fa fa-calendar\"><\/i>20.11.2025 - 11:00 heures<\/div>\t\t\t<div class=\"uael-post__meta-data\">\n\t\t\t\t\t<\/div>\n\t\t\t\t\t<a class=\"uael-post__read-more elementor-button\" href=\"https:\/\/pfatest2.saarlb.com\/fr\/veranstaltung\/webinaire-pme-de-la-tech-reussissez-vos-recrutements-en-allemagne\/\" target=\"_self\" aria-labelledby=\"uael-post-32432\">\n\t\t\t\t\t<span class=\"elementor-button-content-wrapper\">\n\t\t\t\t\t\t\t\t\t\t\t\t\t\t<span class=\"elementor-button-icon elementor-align-icon-left\">\n\n\t\t\t\t\t\t\t\t\t\n\t\t\t\t\t\t\t\t<\/span>\n\t\t\t\t\t\t\t\t\t\t\t\t\t\n\t\t\t\t\t\t<span class=\"elementor-button-text\" id=uael-post-32432>plus d'information \u2192<\/span>\n\t\t\t\t\t<\/span>\n\t\t\t\t<\/a>\n\t\t\t\t\t\t<\/div>\n\t\t\t\n\t\t<\/div>\n\t\t\n\t<\/div>\n\n<\/div>\n\n\n<div class=\"uael-post-wrapper  \">\n\n\t<div class=\"uael-post__bg-wrap\">\n\t\t\n\t\t\n\t\t<div class=\"uael-post__inner-wrap \">\n\n\t\t\t\t<div class=\"uael-post__thumbnail\">\n\t\t\t\n\t\t\t<a href=\"https:\/\/pfatest2.saarlb.com\/fr\/veranstaltung\/webinaire-pme-de-la-tech-accelerez-votre-croissance-avec-une-implantation-en-allemagne\/\" target=\"_self\" title=\"Webinaire &#8211; PME de la Tech : Acc\u00e9l\u00e9rez votre croissance avec une implantation en Allemagne !\"><img loading=\"lazy\" decoding=\"async\" width=\"1366\" height=\"768\" src=\"https:\/\/pfatest2.saarlb.com\/wp-content\/uploads\/2025\/07\/20251016_implantation_tech.jpg\" class=\"attachment-full size-full wp-image-32423\" alt=\"\" srcset=\"https:\/\/pfatest2.saarlb.com\/wp-content\/uploads\/2025\/07\/20251016_implantation_tech.jpg 1366w, https:\/\/pfatest2.saarlb.com\/wp-content\/uploads\/2025\/07\/20251016_implantation_tech-300x169.jpg 300w, https:\/\/pfatest2.saarlb.com\/wp-content\/uploads\/2025\/07\/20251016_implantation_tech-1024x576.jpg 1024w, https:\/\/pfatest2.saarlb.com\/wp-content\/uploads\/2025\/07\/20251016_implantation_tech-768x432.jpg 768w\" sizes=\"auto, (max-width: 1366px) 100vw, 1366px\" \/><\/a>\n\t\t\t\t\t<\/div>\n\t\t\n\t\t\t\n\t\t\t<div class=\"uael-post__content-wrap\">\n\n\t\t\t\t\t<h3 class=\"uael-post__title\">\n\n\t\t\n\t\t\t\t\t\t<a href=\"https:\/\/pfatest2.saarlb.com\/fr\/veranstaltung\/webinaire-pme-de-la-tech-accelerez-votre-croissance-avec-une-implantation-en-allemagne\/\" target=\"_self\">\n\t\t\t\tWebinaire &#8211; PME de la Tech : Acc\u00e9l\u00e9rez votre croissance avec une implantation en Allemagne !\t\t\t<\/a>\n\n\t\t\t\t<\/h3>\n\t\t<div class=\"uael-post__separator\"><\/div>\n\t\t<div class=\"uael-post__excerpt\">\n\t\t\tUn webinaire de notre partenaire\u00a0CCI France Allemagne\u00a0en langue fran\u00e7aise. L&rsquo;Allemagne est leader europ\u00e9en dans les domaines IT, l\u2019innovation et la technologie. S\u2019implanter sur ce march\u00e9 ...\t\t<\/div>\n\n\t\t<div><i style=\"margin-right: 8px;\" aria-hidden=\"true\" class=\"fa fa-calendar\"><\/i>16.10.2025 - 11:00 heures<\/div>\t\t\t<div class=\"uael-post__meta-data\">\n\t\t\t\t\t<\/div>\n\t\t\t\t\t<a class=\"uael-post__read-more elementor-button\" href=\"https:\/\/pfatest2.saarlb.com\/fr\/veranstaltung\/webinaire-pme-de-la-tech-accelerez-votre-croissance-avec-une-implantation-en-allemagne\/\" target=\"_self\" aria-labelledby=\"uael-post-32425\">\n\t\t\t\t\t<span class=\"elementor-button-content-wrapper\">\n\t\t\t\t\t\t\t\t\t\t\t\t\t\t<span class=\"elementor-button-icon elementor-align-icon-left\">\n\n\t\t\t\t\t\t\t\t\t\n\t\t\t\t\t\t\t\t<\/span>\n\t\t\t\t\t\t\t\t\t\t\t\t\t\n\t\t\t\t\t\t<span class=\"elementor-button-text\" id=uael-post-32425>plus d'information \u2192<\/span>\n\t\t\t\t\t<\/span>\n\t\t\t\t<\/a>\n\t\t\t\t\t\t<\/div>\n\t\t\t\n\t\t<\/div>\n\t\t\n\t<\/div>\n\n<\/div>\n\n\n<div class=\"uael-post-wrapper  \">\n\n\t<div class=\"uael-post__bg-wrap\">\n\t\t\n\t\t\n\t\t<div class=\"uael-post__inner-wrap \">\n\n\t\t\t\t<div class=\"uael-post__thumbnail\">\n\t\t\t\n\t\t\t<a href=\"https:\/\/pfatest2.saarlb.com\/fr\/veranstaltung\/webinaire-plan-de-relance-allemand-comment-les-pme-francaises-peuvent-en-profiter-2\/\" target=\"_self\" title=\"Webinaire &#8211; Plan de relance allemand : comment les PME fran\u00e7aises peuvent en profiter\u00a0?\"><img loading=\"lazy\" decoding=\"async\" width=\"1366\" height=\"768\" src=\"https:\/\/pfatest2.saarlb.com\/wp-content\/uploads\/2025\/07\/20250918_plan_relance.jpg\" class=\"attachment-full size-full wp-image-32373\" alt=\"\" srcset=\"https:\/\/pfatest2.saarlb.com\/wp-content\/uploads\/2025\/07\/20250918_plan_relance.jpg 1366w, https:\/\/pfatest2.saarlb.com\/wp-content\/uploads\/2025\/07\/20250918_plan_relance-300x169.jpg 300w, https:\/\/pfatest2.saarlb.com\/wp-content\/uploads\/2025\/07\/20250918_plan_relance-1024x576.jpg 1024w, https:\/\/pfatest2.saarlb.com\/wp-content\/uploads\/2025\/07\/20250918_plan_relance-768x432.jpg 768w\" sizes=\"auto, (max-width: 1366px) 100vw, 1366px\" \/><\/a>\n\t\t\t\t\t<\/div>\n\t\t\n\t\t\t\n\t\t\t<div class=\"uael-post__content-wrap\">\n\n\t\t\t\t\t<h3 class=\"uael-post__title\">\n\n\t\t\n\t\t\t\t\t\t<a href=\"https:\/\/pfatest2.saarlb.com\/fr\/veranstaltung\/webinaire-plan-de-relance-allemand-comment-les-pme-francaises-peuvent-en-profiter-2\/\" target=\"_self\">\n\t\t\t\tWebinaire &#8211; Plan de relance allemand : comment les PME fran\u00e7aises peuvent en profiter\u00a0?\t\t\t<\/a>\n\n\t\t\t\t<\/h3>\n\t\t<div class=\"uael-post__separator\"><\/div>\n\t\t<div class=\"uael-post__excerpt\">\n\t\t\tUn webinaire de notre partenaire\u00a0CCI France Allemagne\u00a0en langue fran\u00e7aise. Infrastructures, d\u00e9fense, transition \u00e9nerg\u00e9tique : l\u2019Allemagne d\u00e9ploie un plan de relance in\u00e9dit de pr\u00e8s de 1.000 ...\t\t<\/div>\n\n\t\t<div><i style=\"margin-right: 8px;\" aria-hidden=\"true\" class=\"fa fa-calendar\"><\/i>18.09.2025 - 11:00 heures<\/div>\t\t\t<div class=\"uael-post__meta-data\">\n\t\t\t\t\t<\/div>\n\t\t\t\t\t<a class=\"uael-post__read-more elementor-button\" href=\"https:\/\/pfatest2.saarlb.com\/fr\/veranstaltung\/webinaire-plan-de-relance-allemand-comment-les-pme-francaises-peuvent-en-profiter-2\/\" target=\"_self\" aria-labelledby=\"uael-post-32417\">\n\t\t\t\t\t<span class=\"elementor-button-content-wrapper\">\n\t\t\t\t\t\t\t\t\t\t\t\t\t\t<span class=\"elementor-button-icon elementor-align-icon-left\">\n\n\t\t\t\t\t\t\t\t\t\n\t\t\t\t\t\t\t\t<\/span>\n\t\t\t\t\t\t\t\t\t\t\t\t\t\n\t\t\t\t\t\t<span class=\"elementor-button-text\" id=uael-post-32417>plus d'information \u2192<\/span>\n\t\t\t\t\t<\/span>\n\t\t\t\t<\/a>\n\t\t\t\t\t\t<\/div>\n\t\t\t\n\t\t<\/div>\n\t\t\n\t<\/div>\n\n<\/div>\n\n\n<div class=\"uael-post-wrapper  \">\n\n\t<div class=\"uael-post__bg-wrap\">\n\t\t\n\t\t\n\t\t<div class=\"uael-post__inner-wrap \">\n\n\t\t\t\t<div class=\"uael-post__thumbnail\">\n\t\t\t\n\t\t\t<a href=\"https:\/\/pfatest2.saarlb.com\/fr\/veranstaltung\/webinaire-recourir-au-vie-en-allemagne-hebergement-support-coaching\/\" target=\"_self\" title=\"Webinaire &#8211; Recourir au VIE en Allemagne : h\u00e9bergement, support, coaching\"><img loading=\"lazy\" decoding=\"async\" width=\"1366\" height=\"768\" src=\"https:\/\/pfatest2.saarlb.com\/wp-content\/uploads\/2025\/01\/20250703_solution_vie.jpg\" class=\"attachment-full size-full wp-image-31047\" alt=\"\" srcset=\"https:\/\/pfatest2.saarlb.com\/wp-content\/uploads\/2025\/01\/20250703_solution_vie.jpg 1366w, https:\/\/pfatest2.saarlb.com\/wp-content\/uploads\/2025\/01\/20250703_solution_vie-300x169.jpg 300w, https:\/\/pfatest2.saarlb.com\/wp-content\/uploads\/2025\/01\/20250703_solution_vie-1024x576.jpg 1024w, https:\/\/pfatest2.saarlb.com\/wp-content\/uploads\/2025\/01\/20250703_solution_vie-768x432.jpg 768w\" sizes=\"auto, (max-width: 1366px) 100vw, 1366px\" \/><\/a>\n\t\t\t\t\t<\/div>\n\t\t\n\t\t\t\n\t\t\t<div class=\"uael-post__content-wrap\">\n\n\t\t\t\t\t<h3 class=\"uael-post__title\">\n\n\t\t\n\t\t\t\t\t\t<a href=\"https:\/\/pfatest2.saarlb.com\/fr\/veranstaltung\/webinaire-recourir-au-vie-en-allemagne-hebergement-support-coaching\/\" target=\"_self\">\n\t\t\t\tWebinaire &#8211; Recourir au VIE en Allemagne : h\u00e9bergement, support, coaching\t\t\t<\/a>\n\n\t\t\t\t<\/h3>\n\t\t<div class=\"uael-post__separator\"><\/div>\n\t\t<div class=\"uael-post__excerpt\">\n\t\t\tUn webinaire de notre partenaire&nbsp;CCI France Allemagne&nbsp;en langue fran\u00e7aise. L&rsquo;Allemagne, premi\u00e8re puissance \u00e9conomique en Europe, est un march\u00e9 strat\u00e9gique pour les PME fran\u00e7aises. Le Volontariat ...\t\t<\/div>\n\n\t\t<div><i style=\"margin-right: 8px;\" aria-hidden=\"true\" class=\"fa fa-calendar\"><\/i>03.07.2025 - 11:00 heures<\/div>\t\t\t<div class=\"uael-post__meta-data\">\n\t\t\t\t\t<\/div>\n\t\t\t\t\t<a class=\"uael-post__read-more elementor-button\" href=\"https:\/\/pfatest2.saarlb.com\/fr\/veranstaltung\/webinaire-recourir-au-vie-en-allemagne-hebergement-support-coaching\/\" target=\"_self\" aria-labelledby=\"uael-post-31052\">\n\t\t\t\t\t<span class=\"elementor-button-content-wrapper\">\n\t\t\t\t\t\t\t\t\t\t\t\t\t\t<span class=\"elementor-button-icon elementor-align-icon-left\">\n\n\t\t\t\t\t\t\t\t\t\n\t\t\t\t\t\t\t\t<\/span>\n\t\t\t\t\t\t\t\t\t\t\t\t\t\n\t\t\t\t\t\t<span class=\"elementor-button-text\" id=uael-post-31052>plus d'information \u2192<\/span>\n\t\t\t\t\t<\/span>\n\t\t\t\t<\/a>\n\t\t\t\t\t\t<\/div>\n\t\t\t\n\t\t<\/div>\n\t\t\n\t<\/div>\n\n<\/div>\n\n\n<div class=\"uael-post-wrapper  \">\n\n\t<div class=\"uael-post__bg-wrap\">\n\t\t\n\t\t\n\t\t<div class=\"uael-post__inner-wrap \">\n\n\t\t\t\t<div class=\"uael-post__thumbnail\">\n\t\t\t\n\t\t\t<a href=\"https:\/\/pfatest2.saarlb.com\/fr\/veranstaltung\/webinaire-racheter-une-pme-en-allemagne-checklist-dune-operation-reussie-2\/\" target=\"_self\" title=\"Webinaire &#8211; Racheter une PME en Allemagne : checklist d&rsquo;une op\u00e9ration r\u00e9ussie\"><img loading=\"lazy\" decoding=\"async\" width=\"1366\" height=\"768\" src=\"https:\/\/pfatest2.saarlb.com\/wp-content\/uploads\/2025\/01\/20250605_croissance_externe.jpg\" class=\"attachment-full size-full wp-image-30980\" alt=\"\" srcset=\"https:\/\/pfatest2.saarlb.com\/wp-content\/uploads\/2025\/01\/20250605_croissance_externe.jpg 1366w, https:\/\/pfatest2.saarlb.com\/wp-content\/uploads\/2025\/01\/20250605_croissance_externe-300x169.jpg 300w, https:\/\/pfatest2.saarlb.com\/wp-content\/uploads\/2025\/01\/20250605_croissance_externe-1024x576.jpg 1024w, https:\/\/pfatest2.saarlb.com\/wp-content\/uploads\/2025\/01\/20250605_croissance_externe-768x432.jpg 768w\" sizes=\"auto, (max-width: 1366px) 100vw, 1366px\" \/><\/a>\n\t\t\t\t\t<\/div>\n\t\t\n\t\t\t\n\t\t\t<div class=\"uael-post__content-wrap\">\n\n\t\t\t\t\t<h3 class=\"uael-post__title\">\n\n\t\t\n\t\t\t\t\t\t<a href=\"https:\/\/pfatest2.saarlb.com\/fr\/veranstaltung\/webinaire-racheter-une-pme-en-allemagne-checklist-dune-operation-reussie-2\/\" target=\"_self\">\n\t\t\t\tWebinaire &#8211; Racheter une PME en Allemagne : checklist d&rsquo;une op\u00e9ration r\u00e9ussie\t\t\t<\/a>\n\n\t\t\t\t<\/h3>\n\t\t<div class=\"uael-post__separator\"><\/div>\n\t\t<div class=\"uael-post__excerpt\">\n\t\t\tUn webinaire de notre partenaire&nbsp;CCI France Allemagne&nbsp;en langue fran\u00e7aise. En Allemagne, les probl\u00e9matiques de transmission d\u2019entreprise offrent un contexte unique et favorable pour les PME ...\t\t<\/div>\n\n\t\t<div><i style=\"margin-right: 8px;\" aria-hidden=\"true\" class=\"fa fa-calendar\"><\/i>12.06.2025 - 11:00 heures<\/div>\t\t\t<div class=\"uael-post__meta-data\">\n\t\t\t\t\t<\/div>\n\t\t\t\t\t<a class=\"uael-post__read-more elementor-button\" href=\"https:\/\/pfatest2.saarlb.com\/fr\/veranstaltung\/webinaire-racheter-une-pme-en-allemagne-checklist-dune-operation-reussie-2\/\" target=\"_self\" aria-labelledby=\"uael-post-31044\">\n\t\t\t\t\t<span class=\"elementor-button-content-wrapper\">\n\t\t\t\t\t\t\t\t\t\t\t\t\t\t<span class=\"elementor-button-icon elementor-align-icon-left\">\n\n\t\t\t\t\t\t\t\t\t\n\t\t\t\t\t\t\t\t<\/span>\n\t\t\t\t\t\t\t\t\t\t\t\t\t\n\t\t\t\t\t\t<span class=\"elementor-button-text\" id=uael-post-31044>plus d'information \u2192<\/span>\n\t\t\t\t\t<\/span>\n\t\t\t\t<\/a>\n\t\t\t\t\t\t<\/div>\n\t\t\t\n\t\t<\/div>\n\t\t\n\t<\/div>\n\n<\/div>\n\t\t\t\t<\/div>\n\t\t\t\t\t\t\n\t\t<\/div>\n\n\t\t\t\t\t\t<\/div>\n\t\t<div class=\"uael-post__footer\">\n\t\t\t\t\t\t<nav class=\"uael-grid-pagination\"  role=\"navigation\" aria-label=\"Pagination\" data-total=\"5\" data-next-page=\"2\">\n\t\t\t\t<span aria-current=\"page\" class=\"page-numbers current\">1<\/span>\n<a class=\"page-numbers\" href=\"https:\/\/pfatest2.saarlb.com\/fr\/wp-json\/wp\/v2\/pages\/25511\/page\/2\/\">2<\/a>\n<a class=\"page-numbers\" href=\"https:\/\/pfatest2.saarlb.com\/fr\/wp-json\/wp\/v2\/pages\/25511\/page\/3\/\">3<\/a>\n<span class=\"page-numbers dots\">\u2026<\/span>\n<a class=\"page-numbers\" href=\"https:\/\/pfatest2.saarlb.com\/fr\/wp-json\/wp\/v2\/pages\/25511\/page\/5\/\">5<\/a>\n<a class=\"next page-numbers\" href=\"https:\/\/pfatest2.saarlb.com\/fr\/wp-json\/wp\/v2\/pages\/25511\/page\/2\/\">Suivant\u00a0\u00bb<\/a>\n\t\t\t<\/nav>\n\n\t\t\t\t\t<\/div>\n\t\t\t\t\t\t<\/div>\n\t\t\t\t<\/div>\n\t\t\t\t\t<\/div>\n\t\t<\/div>\n\t\t\t\t\t<\/div>\n\t\t<\/section>\n\t\t\t\t<\/div>\n\t\t","protected":false},"excerpt":{"rendered":"<p>SCROLL \u00c9v\u00e9nements pass\u00e9s Webkonferenz &#8211; Frankreichstrategie \u2013 Gr\u00fcndung und Expansion deutscher Unternehmen in Frankreich Ein Webinar unseres Partners Strategy &amp; Action International, eine Filiale der CCI France Allemagne in deutscher Sprache gehalten. Frankreich geh\u00f6rt zu den dynamischsten Wirtschaftsnationen Europas &#8230; 09.12.2025 &#8211; 11:00 Uhr plus d&rsquo;information \u2192 Webkonferenz &#8211; Industriemarkt Frankreich \u2013 Lebensmittelindustrie und Anlagenbau [&hellip;]<\/p>\n","protected":false},"author":44,"featured_media":0,"parent":0,"menu_order":0,"comment_status":"closed","ping_status":"closed","template":"","meta":{"_acf_changed":false,"footnotes":"","_links_to":"","_links_to_target":""},"class_list":["post-25511","page","type-page","status-publish","hentry"],"acf":[],"_links":{"self":[{"href":"https:\/\/pfatest2.saarlb.com\/fr\/wp-json\/wp\/v2\/pages\/25511","targetHints":{"allow":["GET"]}}],"collection":[{"href":"https:\/\/pfatest2.saarlb.com\/fr\/wp-json\/wp\/v2\/pages"}],"about":[{"href":"https:\/\/pfatest2.saarlb.com\/fr\/wp-json\/wp\/v2\/types\/page"}],"author":[{"embeddable":true,"href":"https:\/\/pfatest2.saarlb.com\/fr\/wp-json\/wp\/v2\/users\/44"}],"replies":[{"embeddable":true,"href":"https:\/\/pfatest2.saarlb.com\/fr\/wp-json\/wp\/v2\/comments?post=25511"}],"version-history":[{"count":2,"href":"https:\/\/pfatest2.saarlb.com\/fr\/wp-json\/wp\/v2\/pages\/25511\/revisions"}],"predecessor-version":[{"id":35200,"href":"https:\/\/pfatest2.saarlb.com\/fr\/wp-json\/wp\/v2\/pages\/25511\/revisions\/35200"}],"wp:attachment":[{"href":"https:\/\/pfatest2.saarlb.com\/fr\/wp-json\/wp\/v2\/media?parent=25511"}],"curies":[{"name":"wp","href":"https:\/\/api.w.org\/{rel}","templated":true}]}}