{"id":30385,"date":"2024-09-27T13:14:24","date_gmt":"2024-09-27T11:14:24","guid":{"rendered":"https:\/\/pfatest2.saarlb.com\/?page_id=30385"},"modified":"2026-01-23T16:12:03","modified_gmt":"2026-01-23T15:12:03","slug":"stephan-bleyer","status":"publish","type":"page","link":"https:\/\/pfatest2.saarlb.com\/fr\/nos-experts\/stephan-bleyer\/","title":{"rendered":"Stephan Bleyer"},"content":{"rendered":"\t\t<div data-elementor-type=\"wp-page\" data-elementor-id=\"30385\" class=\"elementor elementor-30385 elementor-30376\" data-elementor-post-type=\"page\">\n\t\t\t\t\t\t<section class=\"elementor-section elementor-top-section elementor-element elementor-element-60eafd38 elementor-section-boxed elementor-section-height-default elementor-section-height-default\" data-id=\"60eafd38\" data-element_type=\"section\" data-e-type=\"section\">\n\t\t\t\t\t\t<div class=\"elementor-container elementor-column-gap-default\">\n\t\t\t\t\t<div class=\"elementor-column elementor-col-100 elementor-top-column elementor-element elementor-element-61e79d16\" data-id=\"61e79d16\" data-element_type=\"column\" data-e-type=\"column\">\n\t\t\t<div class=\"elementor-widget-wrap elementor-element-populated\">\n\t\t\t\t\t\t<section class=\"elementor-section elementor-inner-section elementor-element elementor-element-1173f255 elementor-section-boxed elementor-section-height-default elementor-section-height-default\" data-id=\"1173f255\" data-element_type=\"section\" data-e-type=\"section\">\n\t\t\t\t\t\t<div class=\"elementor-container elementor-column-gap-default\">\n\t\t\t\t\t<div class=\"elementor-column elementor-col-50 elementor-inner-column elementor-element elementor-element-6e7401d3\" data-id=\"6e7401d3\" data-element_type=\"column\" data-e-type=\"column\">\n\t\t\t<div class=\"elementor-widget-wrap elementor-element-populated\">\n\t\t\t\t\t\t<div class=\"elementor-element elementor-element-7eaae002 elementor-widget-divider--view-line elementor-widget elementor-widget-divider\" data-id=\"7eaae002\" data-element_type=\"widget\" data-e-type=\"widget\" data-widget_type=\"divider.default\">\n\t\t\t\t<div class=\"elementor-widget-container\">\n\t\t\t\t\t\t\t<div class=\"elementor-divider\">\n\t\t\t<span class=\"elementor-divider-separator\">\n\t\t\t\t\t\t<\/span>\n\t\t<\/div>\n\t\t\t\t\t\t<\/div>\n\t\t\t\t<\/div>\n\t\t\t\t<div class=\"elementor-element elementor-element-32f5ea6c elementor-widget elementor-widget-heading\" data-id=\"32f5ea6c\" data-element_type=\"widget\" data-e-type=\"widget\" data-widget_type=\"heading.default\">\n\t\t\t\t<div class=\"elementor-widget-container\">\n\t\t\t\t\t<h1 class=\"elementor-heading-title elementor-size-default\">Stephan Bleyer<\/h1>\t\t\t\t<\/div>\n\t\t\t\t<\/div>\n\t\t\t\t<div class=\"elementor-element elementor-element-4001a2db elementor-widget elementor-widget-text-editor\" data-id=\"4001a2db\" data-element_type=\"widget\" data-e-type=\"widget\" data-widget_type=\"text-editor.default\">\n\t\t\t\t<div class=\"elementor-widget-container\">\n\t\t\t\t\t\t\t\t\t<p>Directeur<br \/>Marketing et distribution, d\u00e9veloppement du march\u00e9 allemand<\/p>\n\t\t\t\t\t\t\t\t<\/div>\n\t\t\t\t<\/div>\n\t\t\t\t<div class=\"elementor-element elementor-element-1c059e82 e-grid-align-left elementor-shape-rounded elementor-grid-0 elementor-widget elementor-widget-social-icons\" data-id=\"1c059e82\" data-element_type=\"widget\" data-e-type=\"widget\" data-widget_type=\"social-icons.default\">\n\t\t\t\t<div class=\"elementor-widget-container\">\n\t\t\t\t\t\t\t<div class=\"elementor-social-icons-wrapper elementor-grid\">\n\t\t\t\t\t\t\t<span class=\"elementor-grid-item\">\n\t\t\t\t\t<a class=\"elementor-icon elementor-social-icon elementor-social-icon-linkedin elementor-repeater-item-c523154\" href=\"https:\/\/www.linkedin.com\/in\/stephan-bleyer-intercomm-gmbh\/\" target=\"_blank\">\n\t\t\t\t\t\t<span class=\"elementor-screen-only\">Linkedin<\/span>\n\t\t\t\t\t\t<i aria-hidden=\"true\" class=\"fab fa-linkedin\"><\/i>\t\t\t\t\t<\/a>\n\t\t\t\t<\/span>\n\t\t\t\t\t<\/div>\n\t\t\t\t\t\t<\/div>\n\t\t\t\t<\/div>\n\t\t\t\t\t<\/div>\n\t\t<\/div>\n\t\t\t\t<div class=\"elementor-column elementor-col-50 elementor-inner-column elementor-element elementor-element-183ab401\" data-id=\"183ab401\" data-element_type=\"column\" data-e-type=\"column\">\n\t\t\t<div class=\"elementor-widget-wrap elementor-element-populated\">\n\t\t\t\t\t\t<div class=\"elementor-element elementor-element-31c610b1 dce_masking-none elementor-widget elementor-widget-image\" data-id=\"31c610b1\" data-element_type=\"widget\" data-e-type=\"widget\" data-widget_type=\"image.default\">\n\t\t\t\t<div class=\"elementor-widget-container\">\n\t\t\t\t\t\t\t\t\t\t\t\t\t\t\t<img loading=\"lazy\" decoding=\"async\" width=\"442\" height=\"282\" src=\"https:\/\/pfatest2.saarlb.com\/wp-content\/uploads\/2024\/10\/3_Baucomm-2022-622-9-15-24-A.jpg\" class=\"attachment-large size-large wp-image-30488\" alt=\"\" srcset=\"https:\/\/pfatest2.saarlb.com\/wp-content\/uploads\/2024\/10\/3_Baucomm-2022-622-9-15-24-A.jpg 442w, https:\/\/pfatest2.saarlb.com\/wp-content\/uploads\/2024\/10\/3_Baucomm-2022-622-9-15-24-A-300x191.jpg 300w\" sizes=\"auto, (max-width: 442px) 100vw, 442px\" \/>\t\t\t\t\t\t\t\t\t\t\t\t\t\t\t<\/div>\n\t\t\t\t<\/div>\n\t\t\t\t<div class=\"elementor-element elementor-element-6fb15ea elementor-widget elementor-widget-text-editor\" data-id=\"6fb15ea\" data-element_type=\"widget\" data-e-type=\"widget\" data-widget_type=\"text-editor.default\">\n\t\t\t\t<div class=\"elementor-widget-container\">\n\t\t\t\t\t\t\t\t\t<p>Professionnel de la communication et de la vente dans le domaine franco-allemand &#8211; plus de 20 ans d&rsquo;exp\u00e9rience<\/p>\n\t\t\t\t\t\t\t\t<\/div>\n\t\t\t\t<\/div>\n\t\t\t\t\t<\/div>\n\t\t<\/div>\n\t\t\t\t\t<\/div>\n\t\t<\/section>\n\t\t\t\t<section class=\"elementor-section elementor-inner-section elementor-element elementor-element-44c84048 elementor-section-boxed elementor-section-height-default elementor-section-height-default\" data-id=\"44c84048\" data-element_type=\"section\" data-e-type=\"section\">\n\t\t\t\t\t\t<div class=\"elementor-container elementor-column-gap-default\">\n\t\t\t\t\t<div class=\"elementor-column elementor-col-25 elementor-inner-column elementor-element elementor-element-5b2517f2\" data-id=\"5b2517f2\" data-element_type=\"column\" data-e-type=\"column\">\n\t\t\t<div class=\"elementor-widget-wrap elementor-element-populated\">\n\t\t\t\t\t\t<div class=\"elementor-element elementor-element-1dd66f87 elementor-widget elementor-widget-text-editor\" data-id=\"1dd66f87\" data-element_type=\"widget\" data-e-type=\"widget\" data-widget_type=\"text-editor.default\">\n\t\t\t\t<div class=\"elementor-widget-container\">\n\t\t\t\t\t\t\t\t\t<p>\u00ab Il ne suffit pas de comprendre <em>l\u2019allemand<\/em>\u00a0\u2013 il faut comprendre\u00a0<em>les Allemands<\/em>. \u00bb<\/p>\n\t\t\t\t\t\t\t\t<\/div>\n\t\t\t\t<\/div>\n\t\t\t\t\t<\/div>\n\t\t<\/div>\n\t\t\t\t<div class=\"elementor-column elementor-col-25 elementor-inner-column elementor-element elementor-element-6da1b15f\" data-id=\"6da1b15f\" data-element_type=\"column\" data-e-type=\"column\">\n\t\t\t<div class=\"elementor-widget-wrap elementor-element-populated\">\n\t\t\t\t\t\t<div class=\"elementor-element elementor-element-37c1cfb6 elementor-view-default elementor-widget elementor-widget-icon\" data-id=\"37c1cfb6\" data-element_type=\"widget\" data-e-type=\"widget\" data-widget_type=\"icon.default\">\n\t\t\t\t<div class=\"elementor-widget-container\">\n\t\t\t\t\t\t\t<div class=\"elementor-icon-wrapper\">\n\t\t\t<div class=\"elementor-icon\">\n\t\t\t<i aria-hidden=\"true\" class=\"fas fa-quote-left\"><\/i>\t\t\t<\/div>\n\t\t<\/div>\n\t\t\t\t\t\t<\/div>\n\t\t\t\t<\/div>\n\t\t\t\t<div class=\"elementor-element elementor-element-ffb5013 elementor-view-default elementor-widget elementor-widget-icon\" data-id=\"ffb5013\" data-element_type=\"widget\" data-e-type=\"widget\" data-widget_type=\"icon.default\">\n\t\t\t\t<div class=\"elementor-widget-container\">\n\t\t\t\t\t\t\t<div class=\"elementor-icon-wrapper\">\n\t\t\t<div class=\"elementor-icon\">\n\t\t\t<i aria-hidden=\"true\" class=\"fas fa-quote-right\"><\/i>\t\t\t<\/div>\n\t\t<\/div>\n\t\t\t\t\t\t<\/div>\n\t\t\t\t<\/div>\n\t\t\t\t\t<\/div>\n\t\t<\/div>\n\t\t\t\t<div class=\"elementor-column elementor-col-25 elementor-inner-column elementor-element elementor-element-7aa50b8c\" data-id=\"7aa50b8c\" data-element_type=\"column\" data-e-type=\"column\">\n\t\t\t<div class=\"elementor-widget-wrap\">\n\t\t\t\t\t\t\t<\/div>\n\t\t<\/div>\n\t\t\t\t<div class=\"elementor-column elementor-col-25 elementor-inner-column elementor-element elementor-element-60df6c76\" data-id=\"60df6c76\" data-element_type=\"column\" data-e-type=\"column\">\n\t\t\t<div class=\"elementor-widget-wrap\">\n\t\t\t\t\t\t\t<\/div>\n\t\t<\/div>\n\t\t\t\t\t<\/div>\n\t\t<\/section>\n\t\t\t\t\t<\/div>\n\t\t<\/div>\n\t\t\t\t\t<\/div>\n\t\t<\/section>\n\t\t\t\t<section data-dce-background-color=\"#F8F8F8\" class=\"elementor-section elementor-top-section elementor-element elementor-element-6b8d5daa elementor-section-full_width elementor-section-height-default elementor-section-height-default\" data-id=\"6b8d5daa\" data-element_type=\"section\" data-e-type=\"section\" data-settings=\"{&quot;background_background&quot;:&quot;classic&quot;}\">\n\t\t\t\t\t\t<div class=\"elementor-container elementor-column-gap-default\">\n\t\t\t\t\t<div class=\"elementor-column elementor-col-100 elementor-top-column elementor-element elementor-element-61b480b3\" data-id=\"61b480b3\" data-element_type=\"column\" data-e-type=\"column\">\n\t\t\t<div class=\"elementor-widget-wrap elementor-element-populated\">\n\t\t\t\t\t\t<section class=\"elementor-section elementor-inner-section elementor-element elementor-element-6429b121 elementor-section-boxed elementor-section-height-default elementor-section-height-default\" data-id=\"6429b121\" data-element_type=\"section\" data-e-type=\"section\">\n\t\t\t\t\t\t<div class=\"elementor-container elementor-column-gap-default\">\n\t\t\t\t\t<div class=\"elementor-column elementor-col-50 elementor-inner-column elementor-element elementor-element-796a1cdf\" data-id=\"796a1cdf\" data-element_type=\"column\" data-e-type=\"column\">\n\t\t\t<div class=\"elementor-widget-wrap elementor-element-populated\">\n\t\t\t\t\t\t<div data-dce-text-color=\"#000000\" class=\"elementor-element elementor-element-18c997c5 elementor-widget elementor-widget-text-editor\" data-id=\"18c997c5\" data-element_type=\"widget\" data-e-type=\"widget\" data-widget_type=\"text-editor.default\">\n\t\t\t\t<div class=\"elementor-widget-container\">\n\t\t\t\t\t\t\t\t\t<p>Stephan Bleyer est l\u2019un des deux associ\u00e9s-g\u00e9rants de l\u2019agence InterComm GmbH, dont le si\u00e8ge est situ\u00e9 dans la ville d\u2019Offenbourg, \u00e0 la fronti\u00e8re franco-allemande. Fort de leur expertise en commerce franco-allemand, ses collaborateurs et lui accompagnent les clients francophones dans leur expansion sur le march\u00e9 allemand. InterComm GmbH propose ainsi des services vari\u00e9s, allant du d\u00e9veloppement strat\u00e9gique du march\u00e9 \u00e0 la recherche de partenaires commerciaux, en passant par des prestations marketing de soutien \u00e0 la vente. De plus, ses \u00e9quipes peuvent \u00e9galement prendre en charge la distribution des produits en France.<\/p>\n<p>Ainsi, apr\u00e8s avoir \u00e9t\u00e9 mandat\u00e9e par une entreprise allemande pour assurer la vente de ses produits en France, InterComm a mis en place avec succ\u00e8s un r\u00e9seau de distributeurs. En outre, en tant que repr\u00e9sentant g\u00e9n\u00e9ral pour la France, l\u2019\u00e9quipe d\u00e9di\u00e9e se charge de l\u2019acquisition de nouveaux clients, de la gestion du r\u00e9seau de revendeurs, et du traitement des commandes pour le compte du client allemand. Depuis le lancement en 2020, la croissance annuelle du chiffre d\u2019affaires se situe entre 50 et 70 %.<\/p>\n<p>InterComm propose aussi divers services de communication traditionnels\u00a0: relations publiques, marketing direct, cr\u00e9ation ou adaptation de mat\u00e9riel publicitaire pour le march\u00e9 allemand, etc. Dans le domaine des r\u00e9seaux sociaux, l\u2019agence propose la cr\u00e9ation de contenus et la gestion de communaut\u00e9s, notamment pour LinkedIn, Facebook, Instagram, etc. De plus, elle con\u00e7oit et r\u00e9alise des campagnes publicitaires sur les r\u00e9seaux sociaux, gr\u00e2ce \u00e0 son propre service de marketing de performance.<\/p>\n<p>Stephan Bleyer a \u00e9tudi\u00e9 la Gestion d\u2019Entreprise et le Fran\u00e7ais \u00e0 G\u00f6ttingen. Apr\u00e8s avoir travaill\u00e9 dans une organisation de d\u00e9fense des droits de l\u2019homme pendant plus de 8 ans, il est entr\u00e9 dans une grande agence de communication \u00e0 Fribourg en 2002 pour apprendre les bases de la publicit\u00e9. De 2007 \u00e0 2018, il a cr\u00e9\u00e9 et g\u00e9r\u00e9 le service RP et le d\u00e9partement de communication franco-allemande d\u2019une agence bas\u00e9e \u00e0 Strasbourg et Paris. En avril 2018, il fonde l\u2019agence Intercomm GmbH avec sa femme Rachel.<\/p>\n\t\t\t\t\t\t\t\t<\/div>\n\t\t\t\t<\/div>\n\t\t\t\t<div class=\"elementor-element elementor-element-1254f843 elementor-position-left dce_masking-none elementor-vertical-align-top elementor-widget elementor-widget-image-box\" data-id=\"1254f843\" data-element_type=\"widget\" data-e-type=\"widget\" data-widget_type=\"image-box.default\">\n\t\t\t\t<div class=\"elementor-widget-container\">\n\t\t\t\t\t<div class=\"elementor-image-box-wrapper\"><figure class=\"elementor-image-box-img\"><img loading=\"lazy\" decoding=\"async\" width=\"1920\" height=\"814\" src=\"https:\/\/pfatest2.saarlb.com\/wp-content\/uploads\/2024\/09\/Logo_InterComm_RGB.jpg\" class=\"attachment-full size-full wp-image-30379\" alt=\"\" srcset=\"https:\/\/pfatest2.saarlb.com\/wp-content\/uploads\/2024\/09\/Logo_InterComm_RGB.jpg 1920w, https:\/\/pfatest2.saarlb.com\/wp-content\/uploads\/2024\/09\/Logo_InterComm_RGB-300x127.jpg 300w, https:\/\/pfatest2.saarlb.com\/wp-content\/uploads\/2024\/09\/Logo_InterComm_RGB-1024x434.jpg 1024w, https:\/\/pfatest2.saarlb.com\/wp-content\/uploads\/2024\/09\/Logo_InterComm_RGB-768x326.jpg 768w, https:\/\/pfatest2.saarlb.com\/wp-content\/uploads\/2024\/09\/Logo_InterComm_RGB-1536x651.jpg 1536w\" sizes=\"auto, (max-width: 1920px) 100vw, 1920px\" \/><\/figure><div class=\"elementor-image-box-content\"><h3 class=\"elementor-image-box-title\">Stephan Bleyer<\/h3><p class=\"elementor-image-box-description\">Weingartenstra\u00dfe 19a<br>77654 Offenburg<br>Allemagne<\/p><\/div><\/div>\t\t\t\t<\/div>\n\t\t\t\t<\/div>\n\t\t\t\t<div class=\"elementor-element elementor-element-5ad37719 elementor-icon-list--layout-traditional elementor-list-item-link-full_width elementor-widget elementor-widget-icon-list\" data-id=\"5ad37719\" data-element_type=\"widget\" data-e-type=\"widget\" data-widget_type=\"icon-list.default\">\n\t\t\t\t<div class=\"elementor-widget-container\">\n\t\t\t\t\t\t\t<ul class=\"elementor-icon-list-items\">\n\t\t\t\t\t\t\t<li class=\"elementor-icon-list-item\">\n\t\t\t\t\t\t\t\t\t\t\t<a href=\"mailto:sb@intercomm-gmbh.de\">\n\n\t\t\t\t\t\t\t\t\t\t\t\t<span class=\"elementor-icon-list-icon\">\n\t\t\t\t\t\t\t<i aria-hidden=\"true\" class=\"fas fa-envelope\"><\/i>\t\t\t\t\t\t<\/span>\n\t\t\t\t\t\t\t\t\t\t<span class=\"elementor-icon-list-text\">sb@intercomm-gmbh.de<\/span>\n\t\t\t\t\t\t\t\t\t\t\t<\/a>\n\t\t\t\t\t\t\t\t\t<\/li>\n\t\t\t\t\t\t\t\t<li class=\"elementor-icon-list-item\">\n\t\t\t\t\t\t\t\t\t\t\t<a href=\"tel:%20+49%20781%20955%2079713\">\n\n\t\t\t\t\t\t\t\t\t\t\t\t<span class=\"elementor-icon-list-icon\">\n\t\t\t\t\t\t\t<i aria-hidden=\"true\" class=\"fas fa-phone\"><\/i>\t\t\t\t\t\t<\/span>\n\t\t\t\t\t\t\t\t\t\t<span class=\"elementor-icon-list-text\"> +49 781 955 79713<\/span>\n\t\t\t\t\t\t\t\t\t\t\t<\/a>\n\t\t\t\t\t\t\t\t\t<\/li>\n\t\t\t\t\t\t\t\t<li class=\"elementor-icon-list-item\">\n\t\t\t\t\t\t\t\t\t\t\t<a href=\"https:\/\/intercomm-gmbh.de\">\n\n\t\t\t\t\t\t\t\t\t\t\t\t<span class=\"elementor-icon-list-icon\">\n\t\t\t\t\t\t\t<i aria-hidden=\"true\" class=\"fas fa-external-link-alt\"><\/i>\t\t\t\t\t\t<\/span>\n\t\t\t\t\t\t\t\t\t\t<span class=\"elementor-icon-list-text\">www.intercomm-gmbh.de<\/span>\n\t\t\t\t\t\t\t\t\t\t\t<\/a>\n\t\t\t\t\t\t\t\t\t<\/li>\n\t\t\t\t\t\t<\/ul>\n\t\t\t\t\t\t<\/div>\n\t\t\t\t<\/div>\n\t\t\t\t\t<\/div>\n\t\t<\/div>\n\t\t\t\t<div class=\"elementor-column elementor-col-50 elementor-inner-column elementor-element elementor-element-521d2cf\" data-id=\"521d2cf\" data-element_type=\"column\" data-e-type=\"column\">\n\t\t\t<div class=\"elementor-widget-wrap elementor-element-populated\">\n\t\t\t\t\t\t<div class=\"elementor-element elementor-element-7c60c1dd elementor-widget elementor-widget-heading\" data-id=\"7c60c1dd\" data-element_type=\"widget\" data-e-type=\"widget\" data-widget_type=\"heading.default\">\n\t\t\t\t<div class=\"elementor-widget-container\">\n\t\t\t\t\t<h2 class=\"elementor-heading-title elementor-size-default\">Curriculum Vitae<\/h2>\t\t\t\t<\/div>\n\t\t\t\t<\/div>\n\t\t\t\t<div class=\"elementor-element elementor-element-3c5a2e37 elementor-icon-list--layout-traditional elementor-list-item-link-full_width elementor-widget elementor-widget-icon-list\" data-id=\"3c5a2e37\" data-element_type=\"widget\" data-e-type=\"widget\" data-widget_type=\"icon-list.default\">\n\t\t\t\t<div class=\"elementor-widget-container\">\n\t\t\t\t\t\t\t<ul class=\"elementor-icon-list-items\">\n\t\t\t\t\t\t\t<li class=\"elementor-icon-list-item\">\n\t\t\t\t\t\t\t\t\t\t\t<span class=\"elementor-icon-list-icon\">\n\t\t\t\t\t\t\t<i aria-hidden=\"true\" class=\"fas fa-circle\"><\/i>\t\t\t\t\t\t<\/span>\n\t\t\t\t\t\t\t\t\t\t<span class=\"elementor-icon-list-text\">\u00c9tudes de gestion d'entreprise et de langues et litt\u00e9ratures romanes \u00e0 l'universit\u00e9 Georg-August de G\u00f6ttingen<\/span>\n\t\t\t\t\t\t\t\t\t<\/li>\n\t\t\t\t\t\t\t\t<li class=\"elementor-icon-list-item\">\n\t\t\t\t\t\t\t\t\t\t\t<span class=\"elementor-icon-list-icon\">\n\t\t\t\t\t\t\t<i aria-hidden=\"true\" class=\"fas fa-circle\"><\/i>\t\t\t\t\t\t<\/span>\n\t\t\t\t\t\t\t\t\t\t<span class=\"elementor-icon-list-text\"> Soci\u00e9t\u00e9 pour les peuples menac\u00e9s Gesellschaft f\u00fcr bedrohte V\u00f6lker e. V. \u00e0 G\u00f6ttingen : Directeur des relations avec l'ONU et les organisations de l'UE et directeur du marketing<\/span>\n\t\t\t\t\t\t\t\t\t<\/li>\n\t\t\t\t\t\t\t\t<li class=\"elementor-icon-list-item\">\n\t\t\t\t\t\t\t\t\t\t\t<span class=\"elementor-icon-list-icon\">\n\t\t\t\t\t\t\t<i aria-hidden=\"true\" class=\"fas fa-circle\"><\/i>\t\t\t\t\t\t<\/span>\n\t\t\t\t\t\t\t\t\t\t<span class=\"elementor-icon-list-text\">Agence Kiesewetter - Die Markenagentur \u00e0 Fribourg : Directeur du d\u00e9partement RP, texte et conception<\/span>\n\t\t\t\t\t\t\t\t\t<\/li>\n\t\t\t\t\t\t\t\t<li class=\"elementor-icon-list-item\">\n\t\t\t\t\t\t\t\t\t\t\t<span class=\"elementor-icon-list-icon\">\n\t\t\t\t\t\t\t<i aria-hidden=\"true\" class=\"fas fa-circle\"><\/i>\t\t\t\t\t\t<\/span>\n\t\t\t\t\t\t\t\t\t\t<span class=\"elementor-icon-list-text\">Agences de communication maetva \u00e0 Strasbourg et Paris : Directeur du d\u00e9partement RP et du d\u00e9partement de communication franco-allemande (conseil de plus de 100 grandes entreprises allemandes en France et vice versa)<\/span>\n\t\t\t\t\t\t\t\t\t<\/li>\n\t\t\t\t\t\t\t\t<li class=\"elementor-icon-list-item\">\n\t\t\t\t\t\t\t\t\t\t\t<span class=\"elementor-icon-list-icon\">\n\t\t\t\t\t\t\t<i aria-hidden=\"true\" class=\"fas fa-circle\"><\/i>\t\t\t\t\t\t<\/span>\n\t\t\t\t\t\t\t\t\t\t<span class=\"elementor-icon-list-text\">Ecole de Management de Strasbourg : enseignant en communication interculturelle franco-allemande dans le cursus Master 2 European Management Studies<\/span>\n\t\t\t\t\t\t\t\t\t<\/li>\n\t\t\t\t\t\t\t\t<li class=\"elementor-icon-list-item\">\n\t\t\t\t\t\t\t\t\t\t\t<span class=\"elementor-icon-list-icon\">\n\t\t\t\t\t\t\t<i aria-hidden=\"true\" class=\"fas fa-circle\"><\/i>\t\t\t\t\t\t<\/span>\n\t\t\t\t\t\t\t\t\t\t<span class=\"elementor-icon-list-text\"> Agence de marketing et de distribution InterComm GmbH \u00e0 Offenburg : cr\u00e9ation et direction de l'agence en tant qu\u2019associ\u00e9-g\u00e9rant<\/span>\n\t\t\t\t\t\t\t\t\t<\/li>\n\t\t\t\t\t\t\t\t<li class=\"elementor-icon-list-item\">\n\t\t\t\t\t\t\t\t\t\t\t<span class=\"elementor-icon-list-icon\">\n\t\t\t\t\t\t\t<i aria-hidden=\"true\" class=\"fas fa-circle\"><\/i>\t\t\t\t\t\t<\/span>\n\t\t\t\t\t\t\t\t\t\t<span class=\"elementor-icon-list-text\"> Eurocomm Tekbiz Africa Ltd. \u00e0 Nairobi : cr\u00e9ation et direction de l\u2019agence en tant qu\u2019associ\u00e9-g\u00e9rant<\/span>\n\t\t\t\t\t\t\t\t\t<\/li>\n\t\t\t\t\t\t<\/ul>\n\t\t\t\t\t\t<\/div>\n\t\t\t\t<\/div>\n\t\t\t\t<div class=\"elementor-element elementor-element-67e0e0b5 elementor-widget elementor-widget-heading\" data-id=\"67e0e0b5\" data-element_type=\"widget\" data-e-type=\"widget\" data-widget_type=\"heading.default\">\n\t\t\t\t<div class=\"elementor-widget-container\">\n\t\t\t\t\t<h2 class=\"elementor-heading-title elementor-size-default\">Langues<\/h2>\t\t\t\t<\/div>\n\t\t\t\t<\/div>\n\t\t\t\t<div class=\"elementor-element elementor-element-436051e5 elementor-icon-list--layout-traditional elementor-list-item-link-full_width elementor-widget elementor-widget-icon-list\" data-id=\"436051e5\" data-element_type=\"widget\" data-e-type=\"widget\" data-widget_type=\"icon-list.default\">\n\t\t\t\t<div class=\"elementor-widget-container\">\n\t\t\t\t\t\t\t<ul class=\"elementor-icon-list-items\">\n\t\t\t\t\t\t\t<li class=\"elementor-icon-list-item\">\n\t\t\t\t\t\t\t\t\t\t\t<span class=\"elementor-icon-list-icon\">\n\t\t\t\t\t\t\t<i aria-hidden=\"true\" class=\"fas fa-circle\"><\/i>\t\t\t\t\t\t<\/span>\n\t\t\t\t\t\t\t\t\t\t<span class=\"elementor-icon-list-text\">Allemand<\/span>\n\t\t\t\t\t\t\t\t\t<\/li>\n\t\t\t\t\t\t\t\t<li class=\"elementor-icon-list-item\">\n\t\t\t\t\t\t\t\t\t\t\t<span class=\"elementor-icon-list-icon\">\n\t\t\t\t\t\t\t<i aria-hidden=\"true\" class=\"fas fa-circle\"><\/i>\t\t\t\t\t\t<\/span>\n\t\t\t\t\t\t\t\t\t\t<span class=\"elementor-icon-list-text\">Fran\u00e7ais<\/span>\n\t\t\t\t\t\t\t\t\t<\/li>\n\t\t\t\t\t\t\t\t<li class=\"elementor-icon-list-item\">\n\t\t\t\t\t\t\t\t\t\t\t<span class=\"elementor-icon-list-icon\">\n\t\t\t\t\t\t\t<i aria-hidden=\"true\" class=\"fas fa-circle\"><\/i>\t\t\t\t\t\t<\/span>\n\t\t\t\t\t\t\t\t\t\t<span class=\"elementor-icon-list-text\">Anglais<\/span>\n\t\t\t\t\t\t\t\t\t<\/li>\n\t\t\t\t\t\t<\/ul>\n\t\t\t\t\t\t<\/div>\n\t\t\t\t<\/div>\n\t\t\t\t\t<\/div>\n\t\t<\/div>\n\t\t\t\t\t<\/div>\n\t\t<\/section>\n\t\t\t\t\t<\/div>\n\t\t<\/div>\n\t\t\t\t\t<\/div>\n\t\t<\/section>\n\t\t\t\t<\/div>\n\t\t","protected":false},"excerpt":{"rendered":"<p>Stephan Bleyer DirecteurMarketing et distribution, d\u00e9veloppement du march\u00e9 allemand Linkedin Professionnel de la communication et de la vente dans le domaine franco-allemand &#8211; plus de 20 ans d&rsquo;exp\u00e9rience \u00ab Il ne suffit pas de comprendre l\u2019allemand\u00a0\u2013 il faut comprendre\u00a0les Allemands. \u00bb Stephan Bleyer est l\u2019un des deux associ\u00e9s-g\u00e9rants de l\u2019agence InterComm GmbH, dont le si\u00e8ge [&hellip;]<\/p>\n","protected":false},"author":193,"featured_media":0,"parent":23329,"menu_order":0,"comment_status":"closed","ping_status":"closed","template":"","meta":{"_acf_changed":false,"footnotes":"","_links_to":"","_links_to_target":""},"class_list":["post-30385","page","type-page","status-publish","hentry"],"acf":[],"_links":{"self":[{"href":"https:\/\/pfatest2.saarlb.com\/fr\/wp-json\/wp\/v2\/pages\/30385","targetHints":{"allow":["GET"]}}],"collection":[{"href":"https:\/\/pfatest2.saarlb.com\/fr\/wp-json\/wp\/v2\/pages"}],"about":[{"href":"https:\/\/pfatest2.saarlb.com\/fr\/wp-json\/wp\/v2\/types\/page"}],"author":[{"embeddable":true,"href":"https:\/\/pfatest2.saarlb.com\/fr\/wp-json\/wp\/v2\/users\/193"}],"replies":[{"embeddable":true,"href":"https:\/\/pfatest2.saarlb.com\/fr\/wp-json\/wp\/v2\/comments?post=30385"}],"version-history":[{"count":3,"href":"https:\/\/pfatest2.saarlb.com\/fr\/wp-json\/wp\/v2\/pages\/30385\/revisions"}],"predecessor-version":[{"id":35323,"href":"https:\/\/pfatest2.saarlb.com\/fr\/wp-json\/wp\/v2\/pages\/30385\/revisions\/35323"}],"up":[{"embeddable":true,"href":"https:\/\/pfatest2.saarlb.com\/fr\/wp-json\/wp\/v2\/pages\/23329"}],"wp:attachment":[{"href":"https:\/\/pfatest2.saarlb.com\/fr\/wp-json\/wp\/v2\/media?parent=30385"}],"curies":[{"name":"wp","href":"https:\/\/api.w.org\/{rel}","templated":true}]}}