{"id":32188,"date":"2025-06-06T14:32:07","date_gmt":"2025-06-06T12:32:07","guid":{"rendered":"https:\/\/pfatest2.saarlb.com\/declaration-relative-a-laccessibilite\/"},"modified":"2026-01-23T16:00:45","modified_gmt":"2026-01-23T15:00:45","slug":"declaration-relative-a-laccessibilite","status":"publish","type":"page","link":"https:\/\/pfatest2.saarlb.com\/fr\/declaration-relative-a-laccessibilite\/","title":{"rendered":"D\u00e9claration relative \u00e0 l\u2019accessibilit\u00e9"},"content":{"rendered":"\t\t<div data-elementor-type=\"wp-page\" data-elementor-id=\"32188\" class=\"elementor elementor-32188 elementor-32182\" data-elementor-post-type=\"page\">\n\t\t\t\t\t\t<section data-dce-background-image-url=\"https:\/\/pfatest2.saarlb.com\/wp-content\/uploads\/2021\/10\/Grafik_Paragraph.jpg\" class=\"elementor-section elementor-top-section elementor-element elementor-element-2e1c97d4 elementor-section-boxed elementor-section-height-default elementor-section-height-default\" data-id=\"2e1c97d4\" data-element_type=\"section\" data-e-type=\"section\" data-settings=\"{&quot;background_background&quot;:&quot;classic&quot;}\">\n\t\t\t\t\t\t<div class=\"elementor-container elementor-column-gap-default\">\n\t\t\t\t\t<div class=\"elementor-column elementor-col-100 elementor-top-column elementor-element elementor-element-77a955a\" data-id=\"77a955a\" data-element_type=\"column\" data-e-type=\"column\">\n\t\t\t<div class=\"elementor-widget-wrap elementor-element-populated\">\n\t\t\t\t\t\t<div class=\"elementor-element elementor-element-22ea9e16 elementor-widget elementor-widget-spacer\" data-id=\"22ea9e16\" data-element_type=\"widget\" data-e-type=\"widget\" data-widget_type=\"spacer.default\">\n\t\t\t\t<div class=\"elementor-widget-container\">\n\t\t\t\t\t\t\t<div class=\"elementor-spacer\">\n\t\t\t<div class=\"elementor-spacer-inner\"><\/div>\n\t\t<\/div>\n\t\t\t\t\t\t<\/div>\n\t\t\t\t<\/div>\n\t\t\t\t\t<\/div>\n\t\t<\/div>\n\t\t\t\t\t<\/div>\n\t\t<\/section>\n\t\t\t\t<section class=\"elementor-section elementor-top-section elementor-element elementor-element-1ade7967 elementor-section-boxed elementor-section-height-default elementor-section-height-default\" data-id=\"1ade7967\" data-element_type=\"section\" data-e-type=\"section\">\n\t\t\t\t\t\t<div class=\"elementor-container elementor-column-gap-default\">\n\t\t\t\t\t<div class=\"elementor-column elementor-col-100 elementor-top-column elementor-element elementor-element-18e3fcba\" data-id=\"18e3fcba\" data-element_type=\"column\" data-e-type=\"column\">\n\t\t\t<div class=\"elementor-widget-wrap elementor-element-populated\">\n\t\t\t\t\t\t<div data-dce-title-color=\"#000000\" class=\"elementor-element elementor-element-8741b1b elementor-widget elementor-widget-heading\" data-id=\"8741b1b\" data-element_type=\"widget\" data-e-type=\"widget\" data-widget_type=\"heading.default\">\n\t\t\t\t<div class=\"elementor-widget-container\">\n\t\t\t\t\t<h1 class=\"elementor-heading-title elementor-size-default\">D\u00e9claration relative \u00e0 l\u2019accessibilit\u00e9<\/h1>\t\t\t\t<\/div>\n\t\t\t\t<\/div>\n\t\t\t\t\t<\/div>\n\t\t<\/div>\n\t\t\t\t\t<\/div>\n\t\t<\/section>\n\t\t\t\t<section class=\"elementor-section elementor-top-section elementor-element elementor-element-4f46412 elementor-section-boxed elementor-section-height-default elementor-section-height-default\" data-id=\"4f46412\" data-element_type=\"section\" data-e-type=\"section\">\n\t\t\t\t\t\t<div class=\"elementor-container elementor-column-gap-default\">\n\t\t\t\t\t<div class=\"elementor-column elementor-col-100 elementor-top-column elementor-element elementor-element-06db02c\" data-id=\"06db02c\" data-element_type=\"column\" data-e-type=\"column\">\n\t\t\t<div class=\"elementor-widget-wrap elementor-element-populated\">\n\t\t\t\t\t\t<div class=\"elementor-element elementor-element-7c4cc45 elementor-widget elementor-widget-text-editor\" data-id=\"7c4cc45\" data-element_type=\"widget\" data-e-type=\"widget\" data-widget_type=\"text-editor.default\">\n\t\t\t\t<div class=\"elementor-widget-container\">\n\t\t\t\t\t\t\t\t\t<p>La pr\u00e9sente d\u00e9claration s\u2019applique au site Internet de la SaarLB, publi\u00e9 \u00e0 l\u2019adresse https:\/\/www.saarlb.de. En tant qu\u2019organisme du secteur public au sens de la directive 2016\/2102\/UE, nous nous effor\u00e7ons de faire en sorte que notre site Internet et les applications mobiles soient accessibles \u00e0 tous \u2013 en conformit\u00e9 avec la loi sur l\u2019\u00e9galit\u00e9 des personnes handicap\u00e9es (BGG) et avec le r\u00e8glement sur l\u2019accessibilit\u00e9 des techniques d\u2019information (BITV 2.0).<\/p>\n\t\t\t\t\t\t\t\t<\/div>\n\t\t\t\t<\/div>\n\t\t\t\t<div class=\"elementor-element elementor-element-9548a4b elementor-widget elementor-widget-heading\" data-id=\"9548a4b\" data-element_type=\"widget\" data-e-type=\"widget\" data-widget_type=\"heading.default\">\n\t\t\t\t<div class=\"elementor-widget-container\">\n\t\t\t\t\t<h2 class=\"elementor-heading-title elementor-size-default\">Niveau de compatibilit\u00e9 avec les exigences<\/h2>\t\t\t\t<\/div>\n\t\t\t\t<\/div>\n\t\t\t\t<div class=\"elementor-element elementor-element-e51a374 elementor-widget elementor-widget-text-editor\" data-id=\"e51a374\" data-element_type=\"widget\" data-e-type=\"widget\" data-widget_type=\"text-editor.default\">\n\t\t\t\t<div class=\"elementor-widget-container\">\n\t\t\t\t\t\t\t\t\t<p>Les exigences auxquelles doit satisfaire l\u2019accessibilit\u00e9 d\u00e9coulent des articles\u00a03 paragraphes\u00a01 \u00e0 4 et 4 BITV 2.0 sur la base de l\u2019article 12d\u00a0BGG.<\/p>\n<p>L\u2019accessibilit\u00e9 a \u00e9t\u00e9 v\u00e9rifi\u00e9e dans le cadre d\u2019une\u00a0<strong>auto-\u00e9valuation effectu\u00e9e le 16\/12\/2024<\/strong>.<\/p>\n<p>R\u00e9sultat\u00a0: notre site Internet est\u00a0<strong>partiellement compatible<\/strong>\u00a0avec les exigences en vigueur. Les contenus \u00e9nonc\u00e9s ci-dessous ne sont pas encore totalement accessibles\u00a0:<\/p>\n\t\t\t\t\t\t\t\t<\/div>\n\t\t\t\t<\/div>\n\t\t\t\t<div class=\"elementor-element elementor-element-8739e76 elementor-widget elementor-widget-heading\" data-id=\"8739e76\" data-element_type=\"widget\" data-e-type=\"widget\" data-widget_type=\"heading.default\">\n\t\t\t\t<div class=\"elementor-widget-container\">\n\t\t\t\t\t<h2 class=\"elementor-heading-title elementor-size-default\">Contenus non accessibles \u00e0 tous<\/h2>\t\t\t\t<\/div>\n\t\t\t\t<\/div>\n\t\t\t\t<div class=\"elementor-element elementor-element-4236705 elementor-widget elementor-widget-text-editor\" data-id=\"4236705\" data-element_type=\"widget\" data-e-type=\"widget\" data-widget_type=\"text-editor.default\">\n\t\t\t\t<div class=\"elementor-widget-container\">\n\t\t\t\t\t\t\t\t\t<ul>\n<li><strong>Les contenus vid\u00e9os<\/strong>\u00a0ne comprennent pas de description audio synchrone et pouvant \u00eatre connect\u00e9e de mani\u00e8re dynamique. Des textes complets alternatifs font \u00e9galement d\u00e9faut.<\/li>\n<li><strong>Les graphiques, les objets et les \u00e9l\u00e9ments de commande<\/strong>\u00a0ne sont pas toujours accompagn\u00e9s de textes alternatifs \u2013 autant sur le site Internet que dans les documents PDF r\u00e9f\u00e9renc\u00e9s par un lien.<\/li>\n<li><strong>Les \u00e9l\u00e9ments structurels HTML<\/strong>\u00a0(p.\u00a0ex. les titres, les listes) ne sont pas toujours indiqu\u00e9s correctement.<\/li>\n<li>Le programme ne reconna\u00eet pas dans tous les cas les<strong>\u00a0inscriptions figurant dans les formulaires<\/strong>.<\/li>\n<li><strong>Documents PDF<\/strong>\u00a0:\n<ul>\n<li>Les contrastes lumineux sont parfois insuffisants dans les textes.<\/li>\n<li>Il arrive que des graphiques soient utilis\u00e9s pour pr\u00e9senter des textes.<\/li>\n<li>Les \u00e9l\u00e9ments de commande graphiques n\u2019affichent pas partout le contraste de couleurs requis d\u2019au moins 3:1.<\/li>\n<\/ul>\n<p><\/li>\n<p><\/ul>\n<p>Ces contenus vont \u00eatre revus successivement.<\/p>\n\t\t\t\t\t\t\t\t<\/div>\n\t\t\t\t<\/div>\n\t\t\t\t<div class=\"elementor-element elementor-element-37e0f3a elementor-widget elementor-widget-heading\" data-id=\"37e0f3a\" data-element_type=\"widget\" data-e-type=\"widget\" data-widget_type=\"heading.default\">\n\t\t\t\t<div class=\"elementor-widget-container\">\n\t\t\t\t\t<h2 class=\"elementor-heading-title elementor-size-default\">D\u00e9clarer des obstacles \u00e0 l\u2019accessibilit\u00e9 \u2013 votre contact<\/h2>\t\t\t\t<\/div>\n\t\t\t\t<\/div>\n\t\t\t\t<div class=\"elementor-element elementor-element-4b5c299 elementor-widget elementor-widget-text-editor\" data-id=\"4b5c299\" data-element_type=\"widget\" data-e-type=\"widget\" data-widget_type=\"text-editor.default\">\n\t\t\t\t<div class=\"elementor-widget-container\">\n\t\t\t\t\t\t\t\t\t<p>Vous avez des indices laissant penser qu\u2019il s\u2019agit d\u2019obstacles \u00e0 l\u2019accessibilit\u00e9\u00a0? Vous souhaitez obtenir plus d\u2019informations sur l\u2019accessibilit\u00e9\u00a0?<br \/>N\u2019h\u00e9sitez pas \u00e0 nous contacter par e-mail \u00e0 l\u2019adresse\u00a0:\u00a0<a href=\"mailto:kommunikation@saarlb.de\">kommunikation@saarlb.de<\/a><\/p>\n\t\t\t\t\t\t\t\t<\/div>\n\t\t\t\t<\/div>\n\t\t\t\t<div class=\"elementor-element elementor-element-d682978 elementor-widget elementor-widget-heading\" data-id=\"d682978\" data-element_type=\"widget\" data-e-type=\"widget\" data-widget_type=\"heading.default\">\n\t\t\t\t<div class=\"elementor-widget-container\">\n\t\t\t\t\t<h2 class=\"elementor-heading-title elementor-size-default\">Proc\u00e9dure d\u2019arbitrage<\/h2>\t\t\t\t<\/div>\n\t\t\t\t<\/div>\n\t\t\t\t<div class=\"elementor-element elementor-element-e22c94b elementor-widget elementor-widget-text-editor\" data-id=\"e22c94b\" data-element_type=\"widget\" data-e-type=\"widget\" data-widget_type=\"text-editor.default\">\n\t\t\t\t<div class=\"elementor-widget-container\">\n\t\t\t\t\t\t\t\t\t<p>Si nous ne r\u00e9pondons pas de mani\u00e8re satisfaisante \u00e0 votre question sur l\u2019accessibilit\u00e9, vous pouvez vous adresser au service de conciliation conform\u00e9ment \u00e0 l\u2019article\u00a016\u00a0BGG. Ce service sert d\u2019interm\u00e9diaire dans les conflits entre les personnes handicap\u00e9es et les organismes publics de la f\u00e9d\u00e9ration \u2013 par voie extrajudiciaire et gratuitement.<\/p>\n<p>Vous trouverez plus d\u2019informations et la possibilit\u00e9 de d\u00e9poser une demande sur le site\u00a0:\u00a0<a class=\"wpel-icon-left\" href=\"https:\/\/www.schlichtungsstelle-bgg.de\/\" target=\"_blank\" rel=\"nofollow noopener external noreferrer\" data-wpel-link=\"external\">www.schlichtungsstelle-bgg.de<\/a><br \/>Contact\u00a0:\u00a0<a href=\"mailto:info@schlichtungsstelle-bgg.de\">info@schlichtungsstelle-bgg.de<\/a><\/p>\n<p>La pr\u00e9sente d\u00e9claration a \u00e9t\u00e9 actualis\u00e9e pour la derni\u00e8re fois le 13\/05\/2025.<\/p>\n\t\t\t\t\t\t\t\t<\/div>\n\t\t\t\t<\/div>\n\t\t\t\t\t<\/div>\n\t\t<\/div>\n\t\t\t\t\t<\/div>\n\t\t<\/section>\n\t\t\t\t<\/div>\n\t\t","protected":false},"excerpt":{"rendered":"<p>D\u00e9claration relative \u00e0 l\u2019accessibilit\u00e9 La pr\u00e9sente d\u00e9claration s\u2019applique au site Internet de la SaarLB, publi\u00e9 \u00e0 l\u2019adresse https:\/\/www.saarlb.de. En tant qu\u2019organisme du secteur public au sens de la directive 2016\/2102\/UE, nous nous effor\u00e7ons de faire en sorte que notre site Internet et les applications mobiles soient accessibles \u00e0 tous \u2013 en conformit\u00e9 avec la loi [&hellip;]<\/p>\n","protected":false},"author":43,"featured_media":0,"parent":0,"menu_order":0,"comment_status":"closed","ping_status":"closed","template":"","meta":{"_acf_changed":false,"footnotes":"","_links_to":"","_links_to_target":""},"class_list":["post-32188","page","type-page","status-publish","hentry"],"acf":[],"_links":{"self":[{"href":"https:\/\/pfatest2.saarlb.com\/fr\/wp-json\/wp\/v2\/pages\/32188","targetHints":{"allow":["GET"]}}],"collection":[{"href":"https:\/\/pfatest2.saarlb.com\/fr\/wp-json\/wp\/v2\/pages"}],"about":[{"href":"https:\/\/pfatest2.saarlb.com\/fr\/wp-json\/wp\/v2\/types\/page"}],"author":[{"embeddable":true,"href":"https:\/\/pfatest2.saarlb.com\/fr\/wp-json\/wp\/v2\/users\/43"}],"replies":[{"embeddable":true,"href":"https:\/\/pfatest2.saarlb.com\/fr\/wp-json\/wp\/v2\/comments?post=32188"}],"version-history":[{"count":1,"href":"https:\/\/pfatest2.saarlb.com\/fr\/wp-json\/wp\/v2\/pages\/32188\/revisions"}],"predecessor-version":[{"id":35317,"href":"https:\/\/pfatest2.saarlb.com\/fr\/wp-json\/wp\/v2\/pages\/32188\/revisions\/35317"}],"wp:attachment":[{"href":"https:\/\/pfatest2.saarlb.com\/fr\/wp-json\/wp\/v2\/media?parent=32188"}],"curies":[{"name":"wp","href":"https:\/\/api.w.org\/{rel}","templated":true}]}}